{"id":103,"date":"2024-07-10T16:12:06","date_gmt":"2024-07-10T16:12:06","guid":{"rendered":"https:\/\/wili-traty-apartments.ms2.decms.eu\/wili-tatry-apartments\/apartments\/apartman-s-vyhladom-na-stit\/"},"modified":"2025-09-19T07:30:38","modified_gmt":"2025-09-19T07:30:38","slug":"peak-view-apartment","status":"publish","type":"page","link":"https:\/\/www.wilislovakia.sk\/en\/wili-tatry-apartments\/apartments\/peak-view-apartment\/","title":{"rendered":"Peak View Apartment"},"content":{"rendered":"<p>The apartment is situated on the second floor with a <strong>100 m\u00b2<\/strong> total area. The balcony is 3 m\u00b2\u00a0big and the winter garden 4 m2 large.<\/p>\n<p>The parking place is included in the price.<\/p>\n<p>Smoking is not allowed in the apartment.<\/p>\n<p><span class=\"s1\">There are two bedrooms &#8211; one has a double bed, other has 2 single beds. Large living room with the dining part and fireplace is linked to the fully equipped kitchen, including the coffee maker. There is a WIFI connection and Sat TV. Modern and elegant equipped bathroom with shower corner is spacious.<\/span><\/p>\n<p><span class=\"s1\">The apartment has also a winter garden and balcony from which you can observe our majestic mountains.<\/span><\/p>\n","protected":false},"excerpt":{"rendered":"<p>The apartment is situated on the second floor with a 100 m\u00b2 total area. The balcony is 3 m\u00b2\u00a0big and the winter garden 4 m2 large. The parking place is included in the price. Smoking is not allowed in the apartment. There are two bedrooms &#8211; one has a double bed, other has 2 single [&hellip;]<\/p>\n","protected":false},"author":12,"featured_media":0,"parent":74,"menu_order":13,"comment_status":"closed","ping_status":"closed","template":"template-single-room.php","meta":{"footnotes":""},"yoast_head":"<!-- This site is optimized with the Yoast SEO plugin v22.3 - https:\/\/yoast.com\/wordpress\/plugins\/seo\/ -->\n<title>Peak View Apartment &#8211; Wili Slovakia<\/title>\n<meta name=\"description\" content=\"The apartment is situated on the second floor with a 100 m\u00b2 total area. The balcony is 3 m\u00b2\u00a0big and the winter garden 4 m2 large.  The parking place is included in the price.  Smoking is not allowed in the apartment.  There are two bedrooms - one has a double bed, other has 2 single beds\" \/>\n<meta name=\"robots\" content=\"index, follow, max-snippet:-1, max-image-preview:large, max-video-preview:-1\" \/>\n<link rel=\"canonical\" href=\"https:\/\/www.wilislovakia.sk\/en\/wili-tatry-apartments\/apartments\/peak-view-apartment\/\" \/>\n<meta property=\"og:locale\" content=\"en_US\" \/>\n<meta property=\"og:type\" content=\"article\" \/>\n<meta property=\"og:title\" content=\"Peak View Apartment &#8211; Wili Slovakia\" \/>\n<meta property=\"og:description\" content=\"The apartment is situated on the second floor with a 100 m\u00b2 total area. The balcony is 3 m\u00b2\u00a0big and the winter garden 4 m2 large.  The parking place is included in the price.  Smoking is not allowed in the apartment.  There are two bedrooms - one has a double bed, other has 2 single beds\" \/>\n<meta property=\"og:url\" content=\"https:\/\/www.wilislovakia.sk\/en\/wili-tatry-apartments\/apartments\/peak-view-apartment\/\" \/>\n<meta property=\"og:site_name\" content=\"Wili Slovakia\" \/>\n<meta property=\"article:publisher\" content=\"https:\/\/www.facebook.com\/wilislovakia\" \/>\n<meta property=\"article:modified_time\" content=\"2025-09-19T07:30:38+00:00\" \/>\n<meta property=\"og:image\" content=\"https:\/\/www.wilislovakia.sk\/wp-content\/uploads\/sites\/157\/2024\/08\/Fotolia_69754459_Subscription_Monthly_M-copy.jpg\" \/>\n\t<meta property=\"og:image:width\" content=\"1800\" \/>\n\t<meta property=\"og:image:height\" content=\"1200\" \/>\n\t<meta property=\"og:image:type\" content=\"image\/jpeg\" \/>\n<meta name=\"twitter:card\" content=\"summary_large_image\" \/>\n<script type=\"application\/ld+json\" class=\"yoast-schema-graph\">{\"@context\":\"https:\/\/schema.org\",\"@graph\":[{\"@type\":\"WebPage\",\"@id\":\"https:\/\/www.wilislovakia.sk\/en\/wili-tatry-apartments\/apartments\/peak-view-apartment\/\",\"url\":\"https:\/\/www.wilislovakia.sk\/en\/wili-tatry-apartments\/apartments\/peak-view-apartment\/\",\"name\":\"Peak View Apartment &#8211; Wili Slovakia\",\"isPartOf\":{\"@id\":\"https:\/\/www.wilislovakia.sk\/en\/#website\"},\"datePublished\":\"2024-07-10T16:12:06+00:00\",\"dateModified\":\"2025-09-19T07:30:38+00:00\",\"description\":\"The apartment is situated on the second floor with a 100 m\u00b2 total area. The balcony is 3 m\u00b2\u00a0big and the winter garden 4 m2 large. The parking place is included in the price. Smoking is not allowed in the apartment. There are two bedrooms - one has a double bed, other has 2 single beds\",\"breadcrumb\":{\"@id\":\"https:\/\/www.wilislovakia.sk\/en\/wili-tatry-apartments\/apartments\/peak-view-apartment\/#breadcrumb\"},\"inLanguage\":\"en-US\",\"potentialAction\":[{\"@type\":\"ReadAction\",\"target\":[\"https:\/\/www.wilislovakia.sk\/en\/wili-tatry-apartments\/apartments\/peak-view-apartment\/\"]}]},{\"@type\":\"BreadcrumbList\",\"@id\":\"https:\/\/www.wilislovakia.sk\/en\/wili-tatry-apartments\/apartments\/peak-view-apartment\/#breadcrumb\",\"itemListElement\":[{\"@type\":\"ListItem\",\"position\":1,\"name\":\"Home\",\"item\":\"https:\/\/www.wilislovakia.sk\/en\/wili-slovakia\/\"},{\"@type\":\"ListItem\",\"position\":2,\"name\":\"Wili Tatry Apartments\",\"item\":\"https:\/\/www.wilislovakia.sk\/en\/wili-tatry-apartments\/\"},{\"@type\":\"ListItem\",\"position\":3,\"name\":\"Apartments\",\"item\":\"https:\/\/www.wilislovakia.sk\/en\/wili-tatry-apartments\/apartments\/\"},{\"@type\":\"ListItem\",\"position\":4,\"name\":\"Peak View Apartment\"}]},{\"@type\":\"WebSite\",\"@id\":\"https:\/\/www.wilislovakia.sk\/en\/#website\",\"url\":\"https:\/\/www.wilislovakia.sk\/en\/\",\"name\":\"Wili Slovakia\",\"description\":\"Pr\u00ed\u010fte ako hostia, od\u00ed\u010fte ako na\u0161i priatelia.\",\"publisher\":{\"@id\":\"https:\/\/www.wilislovakia.sk\/en\/#organization\"},\"alternateName\":\"Wili Slovakia\",\"potentialAction\":[{\"@type\":\"SearchAction\",\"target\":{\"@type\":\"EntryPoint\",\"urlTemplate\":\"https:\/\/www.wilislovakia.sk\/en\/?s={search_term_string}\"},\"query-input\":\"required name=search_term_string\"}],\"inLanguage\":\"en-US\"},{\"@type\":\"Organization\",\"@id\":\"https:\/\/www.wilislovakia.sk\/en\/#organization\",\"name\":\"Wili Slovakia\",\"alternateName\":\"Wili Holding\",\"url\":\"https:\/\/www.wilislovakia.sk\/en\/\",\"logo\":{\"@type\":\"ImageObject\",\"inLanguage\":\"en-US\",\"@id\":\"https:\/\/www.wilislovakia.sk\/en\/#\/schema\/logo\/image\/\",\"url\":\"https:\/\/www.wilislovakia.sk\/wp-content\/uploads\/sites\/157\/2024\/09\/Logo_Wili_Slovakia_Transparent3.png\",\"contentUrl\":\"https:\/\/www.wilislovakia.sk\/wp-content\/uploads\/sites\/157\/2024\/09\/Logo_Wili_Slovakia_Transparent3.png\",\"width\":200,\"height\":42,\"caption\":\"Wili Slovakia\"},\"image\":{\"@id\":\"https:\/\/www.wilislovakia.sk\/en\/#\/schema\/logo\/image\/\"},\"sameAs\":[\"https:\/\/www.facebook.com\/wilislovakia\",\"https:\/\/www.instagram.com\/wilislovakia_vacation_rentals\/\"]}]}<\/script>\n<!-- \/ Yoast SEO plugin. -->","yoast_head_json":{"title":"Peak View Apartment &#8211; Wili Slovakia","description":"The apartment is situated on the second floor with a 100 m\u00b2 total area. The balcony is 3 m\u00b2\u00a0big and the winter garden 4 m2 large.  The parking place is included in the price.  Smoking is not allowed in the apartment.  There are two bedrooms - one has a double bed, other has 2 single beds","robots":{"index":"index","follow":"follow","max-snippet":"max-snippet:-1","max-image-preview":"max-image-preview:large","max-video-preview":"max-video-preview:-1"},"canonical":"https:\/\/www.wilislovakia.sk\/en\/wili-tatry-apartments\/apartments\/peak-view-apartment\/","og_locale":"en_US","og_type":"article","og_title":"Peak View Apartment &#8211; Wili Slovakia","og_description":"The apartment is situated on the second floor with a 100 m\u00b2 total area. The balcony is 3 m\u00b2\u00a0big and the winter garden 4 m2 large.  The parking place is included in the price.  Smoking is not allowed in the apartment.  There are two bedrooms - one has a double bed, other has 2 single beds","og_url":"https:\/\/www.wilislovakia.sk\/en\/wili-tatry-apartments\/apartments\/peak-view-apartment\/","og_site_name":"Wili Slovakia","article_publisher":"https:\/\/www.facebook.com\/wilislovakia","article_modified_time":"2025-09-19T07:30:38+00:00","og_image":[{"width":1800,"height":1200,"url":"https:\/\/www.wilislovakia.sk\/wp-content\/uploads\/sites\/157\/2024\/08\/Fotolia_69754459_Subscription_Monthly_M-copy.jpg","type":"image\/jpeg"}],"twitter_card":"summary_large_image","schema":{"@context":"https:\/\/schema.org","@graph":[{"@type":"WebPage","@id":"https:\/\/www.wilislovakia.sk\/en\/wili-tatry-apartments\/apartments\/peak-view-apartment\/","url":"https:\/\/www.wilislovakia.sk\/en\/wili-tatry-apartments\/apartments\/peak-view-apartment\/","name":"Peak View Apartment &#8211; Wili Slovakia","isPartOf":{"@id":"https:\/\/www.wilislovakia.sk\/en\/#website"},"datePublished":"2024-07-10T16:12:06+00:00","dateModified":"2025-09-19T07:30:38+00:00","description":"The apartment is situated on the second floor with a 100 m\u00b2 total area. The balcony is 3 m\u00b2\u00a0big and the winter garden 4 m2 large. The parking place is included in the price. Smoking is not allowed in the apartment. There are two bedrooms - one has a double bed, other has 2 single beds","breadcrumb":{"@id":"https:\/\/www.wilislovakia.sk\/en\/wili-tatry-apartments\/apartments\/peak-view-apartment\/#breadcrumb"},"inLanguage":"en-US","potentialAction":[{"@type":"ReadAction","target":["https:\/\/www.wilislovakia.sk\/en\/wili-tatry-apartments\/apartments\/peak-view-apartment\/"]}]},{"@type":"BreadcrumbList","@id":"https:\/\/www.wilislovakia.sk\/en\/wili-tatry-apartments\/apartments\/peak-view-apartment\/#breadcrumb","itemListElement":[{"@type":"ListItem","position":1,"name":"Home","item":"https:\/\/www.wilislovakia.sk\/en\/wili-slovakia\/"},{"@type":"ListItem","position":2,"name":"Wili Tatry Apartments","item":"https:\/\/www.wilislovakia.sk\/en\/wili-tatry-apartments\/"},{"@type":"ListItem","position":3,"name":"Apartments","item":"https:\/\/www.wilislovakia.sk\/en\/wili-tatry-apartments\/apartments\/"},{"@type":"ListItem","position":4,"name":"Peak View Apartment"}]},{"@type":"WebSite","@id":"https:\/\/www.wilislovakia.sk\/en\/#website","url":"https:\/\/www.wilislovakia.sk\/en\/","name":"Wili Slovakia","description":"Pr\u00ed\u010fte ako hostia, od\u00ed\u010fte ako na\u0161i priatelia.","publisher":{"@id":"https:\/\/www.wilislovakia.sk\/en\/#organization"},"alternateName":"Wili Slovakia","potentialAction":[{"@type":"SearchAction","target":{"@type":"EntryPoint","urlTemplate":"https:\/\/www.wilislovakia.sk\/en\/?s={search_term_string}"},"query-input":"required name=search_term_string"}],"inLanguage":"en-US"},{"@type":"Organization","@id":"https:\/\/www.wilislovakia.sk\/en\/#organization","name":"Wili Slovakia","alternateName":"Wili Holding","url":"https:\/\/www.wilislovakia.sk\/en\/","logo":{"@type":"ImageObject","inLanguage":"en-US","@id":"https:\/\/www.wilislovakia.sk\/en\/#\/schema\/logo\/image\/","url":"https:\/\/www.wilislovakia.sk\/wp-content\/uploads\/sites\/157\/2024\/09\/Logo_Wili_Slovakia_Transparent3.png","contentUrl":"https:\/\/www.wilislovakia.sk\/wp-content\/uploads\/sites\/157\/2024\/09\/Logo_Wili_Slovakia_Transparent3.png","width":200,"height":42,"caption":"Wili Slovakia"},"image":{"@id":"https:\/\/www.wilislovakia.sk\/en\/#\/schema\/logo\/image\/"},"sameAs":["https:\/\/www.facebook.com\/wilislovakia","https:\/\/www.instagram.com\/wilislovakia_vacation_rentals\/"]}]}},"acf":[],"_links":{"self":[{"href":"https:\/\/www.wilislovakia.sk\/en\/wp-json\/wp\/v2\/pages\/103"}],"collection":[{"href":"https:\/\/www.wilislovakia.sk\/en\/wp-json\/wp\/v2\/pages"}],"about":[{"href":"https:\/\/www.wilislovakia.sk\/en\/wp-json\/wp\/v2\/types\/page"}],"author":[{"embeddable":true,"href":"https:\/\/www.wilislovakia.sk\/en\/wp-json\/wp\/v2\/users\/12"}],"replies":[{"embeddable":true,"href":"https:\/\/www.wilislovakia.sk\/en\/wp-json\/wp\/v2\/comments?post=103"}],"version-history":[{"count":0,"href":"https:\/\/www.wilislovakia.sk\/en\/wp-json\/wp\/v2\/pages\/103\/revisions"}],"up":[{"embeddable":true,"href":"https:\/\/www.wilislovakia.sk\/en\/wp-json\/wp\/v2\/pages\/74"}],"wp:attachment":[{"href":"https:\/\/www.wilislovakia.sk\/en\/wp-json\/wp\/v2\/media?parent=103"}],"curies":[{"name":"wp","href":"https:\/\/api.w.org\/{rel}","templated":true}]}}