{"id":120,"date":"2024-07-11T12:31:10","date_gmt":"2024-07-11T12:31:10","guid":{"rendered":"https:\/\/wili-traty-apartments.ms2.decms.eu\/wili-tatry-apartments\/apartments\/apartmany-s-jednou-spalnou\/"},"modified":"2025-09-19T07:32:01","modified_gmt":"2025-09-19T07:32:01","slug":"one-bedroom-apartments","status":"publish","type":"page","link":"https:\/\/www.wilislovakia.sk\/en\/wili-tatry-apartments\/apartments\/one-bedroom-apartments\/","title":{"rendered":"One Bedroom Apartments"},"content":{"rendered":"<p>One-bedroom apartments are on the ground floor of the apartment building. It has one separate bedroom with a double bed. There is a sofa bed in the living room (suitable as an extra bed for children or a married couple).<\/p>\n<p>The kitchen is fully equipped, including a dishwasher.<\/p>\n<p>WIFI and satellite TV are a matter of course.<\/p>\n<p>The floor area of \u200b\u200bthe apartment is approx. <strong>50 m\u00b2<\/strong>. Each apartment has a balcony.<\/p>\n<p>The apartment is non-smoking.<\/p>\n","protected":false},"excerpt":{"rendered":"<p>One-bedroom apartments are on the ground floor of the apartment building. It has one separate bedroom with a double bed. There is a sofa bed in the living room (suitable as an extra bed for children or a married couple). The kitchen is fully equipped, including a dishwasher. WIFI and satellite TV are a matter [&hellip;]<\/p>\n","protected":false},"author":12,"featured_media":0,"parent":74,"menu_order":17,"comment_status":"closed","ping_status":"closed","template":"template-single-room.php","meta":{"footnotes":""},"yoast_head":"<!-- This site is optimized with the Yoast SEO plugin v22.3 - https:\/\/yoast.com\/wordpress\/plugins\/seo\/ -->\n<title>One Bedroom Apartments &#8211; Wili Slovakia<\/title>\n<meta name=\"description\" content=\"One-bedroom apartments are on the ground floor of the apartment building. It has one separate bedroom with a double bed\" \/>\n<meta name=\"robots\" content=\"index, follow, max-snippet:-1, max-image-preview:large, max-video-preview:-1\" \/>\n<link rel=\"canonical\" href=\"https:\/\/www.wilislovakia.sk\/en\/wili-tatry-apartments\/apartments\/one-bedroom-apartments\/\" \/>\n<meta property=\"og:locale\" content=\"en_US\" \/>\n<meta property=\"og:type\" content=\"article\" \/>\n<meta property=\"og:title\" content=\"One Bedroom Apartments &#8211; Wili Slovakia\" \/>\n<meta property=\"og:description\" content=\"One-bedroom apartments are on the ground floor of the apartment building. It has one separate bedroom with a double bed\" \/>\n<meta property=\"og:url\" content=\"https:\/\/www.wilislovakia.sk\/en\/wili-tatry-apartments\/apartments\/one-bedroom-apartments\/\" \/>\n<meta property=\"og:site_name\" content=\"Wili Slovakia\" \/>\n<meta property=\"article:publisher\" content=\"https:\/\/www.facebook.com\/wilislovakia\" \/>\n<meta property=\"article:modified_time\" content=\"2025-09-19T07:32:01+00:00\" \/>\n<meta property=\"og:image\" content=\"https:\/\/www.wilislovakia.sk\/wp-content\/uploads\/sites\/157\/2024\/08\/Fotolia_69754459_Subscription_Monthly_M-copy.jpg\" \/>\n\t<meta property=\"og:image:width\" content=\"1800\" \/>\n\t<meta property=\"og:image:height\" content=\"1200\" \/>\n\t<meta property=\"og:image:type\" content=\"image\/jpeg\" \/>\n<meta name=\"twitter:card\" content=\"summary_large_image\" \/>\n<script type=\"application\/ld+json\" class=\"yoast-schema-graph\">{\"@context\":\"https:\/\/schema.org\",\"@graph\":[{\"@type\":\"WebPage\",\"@id\":\"https:\/\/www.wilislovakia.sk\/en\/wili-tatry-apartments\/apartments\/one-bedroom-apartments\/\",\"url\":\"https:\/\/www.wilislovakia.sk\/en\/wili-tatry-apartments\/apartments\/one-bedroom-apartments\/\",\"name\":\"One Bedroom Apartments &#8211; Wili Slovakia\",\"isPartOf\":{\"@id\":\"https:\/\/www.wilislovakia.sk\/en\/#website\"},\"datePublished\":\"2024-07-11T12:31:10+00:00\",\"dateModified\":\"2025-09-19T07:32:01+00:00\",\"description\":\"One-bedroom apartments are on the ground floor of the apartment building. It has one separate bedroom with a double bed\",\"breadcrumb\":{\"@id\":\"https:\/\/www.wilislovakia.sk\/en\/wili-tatry-apartments\/apartments\/one-bedroom-apartments\/#breadcrumb\"},\"inLanguage\":\"en-US\",\"potentialAction\":[{\"@type\":\"ReadAction\",\"target\":[\"https:\/\/www.wilislovakia.sk\/en\/wili-tatry-apartments\/apartments\/one-bedroom-apartments\/\"]}]},{\"@type\":\"BreadcrumbList\",\"@id\":\"https:\/\/www.wilislovakia.sk\/en\/wili-tatry-apartments\/apartments\/one-bedroom-apartments\/#breadcrumb\",\"itemListElement\":[{\"@type\":\"ListItem\",\"position\":1,\"name\":\"Home\",\"item\":\"https:\/\/www.wilislovakia.sk\/en\/wili-slovakia\/\"},{\"@type\":\"ListItem\",\"position\":2,\"name\":\"Wili Tatry Apartments\",\"item\":\"https:\/\/www.wilislovakia.sk\/en\/wili-tatry-apartments\/\"},{\"@type\":\"ListItem\",\"position\":3,\"name\":\"Apartments\",\"item\":\"https:\/\/www.wilislovakia.sk\/en\/wili-tatry-apartments\/apartments\/\"},{\"@type\":\"ListItem\",\"position\":4,\"name\":\"One Bedroom Apartments\"}]},{\"@type\":\"WebSite\",\"@id\":\"https:\/\/www.wilislovakia.sk\/en\/#website\",\"url\":\"https:\/\/www.wilislovakia.sk\/en\/\",\"name\":\"Wili Slovakia\",\"description\":\"Pr\u00ed\u010fte ako hostia, od\u00ed\u010fte ako na\u0161i priatelia.\",\"publisher\":{\"@id\":\"https:\/\/www.wilislovakia.sk\/en\/#organization\"},\"alternateName\":\"Wili Slovakia\",\"potentialAction\":[{\"@type\":\"SearchAction\",\"target\":{\"@type\":\"EntryPoint\",\"urlTemplate\":\"https:\/\/www.wilislovakia.sk\/en\/?s={search_term_string}\"},\"query-input\":\"required name=search_term_string\"}],\"inLanguage\":\"en-US\"},{\"@type\":\"Organization\",\"@id\":\"https:\/\/www.wilislovakia.sk\/en\/#organization\",\"name\":\"Wili Slovakia\",\"alternateName\":\"Wili Holding\",\"url\":\"https:\/\/www.wilislovakia.sk\/en\/\",\"logo\":{\"@type\":\"ImageObject\",\"inLanguage\":\"en-US\",\"@id\":\"https:\/\/www.wilislovakia.sk\/en\/#\/schema\/logo\/image\/\",\"url\":\"https:\/\/www.wilislovakia.sk\/wp-content\/uploads\/sites\/157\/2024\/09\/Logo_Wili_Slovakia_Transparent3.png\",\"contentUrl\":\"https:\/\/www.wilislovakia.sk\/wp-content\/uploads\/sites\/157\/2024\/09\/Logo_Wili_Slovakia_Transparent3.png\",\"width\":200,\"height\":42,\"caption\":\"Wili Slovakia\"},\"image\":{\"@id\":\"https:\/\/www.wilislovakia.sk\/en\/#\/schema\/logo\/image\/\"},\"sameAs\":[\"https:\/\/www.facebook.com\/wilislovakia\",\"https:\/\/www.instagram.com\/wilislovakia_vacation_rentals\/\"]}]}<\/script>\n<!-- \/ Yoast SEO plugin. -->","yoast_head_json":{"title":"One Bedroom Apartments &#8211; Wili Slovakia","description":"One-bedroom apartments are on the ground floor of the apartment building. It has one separate bedroom with a double bed","robots":{"index":"index","follow":"follow","max-snippet":"max-snippet:-1","max-image-preview":"max-image-preview:large","max-video-preview":"max-video-preview:-1"},"canonical":"https:\/\/www.wilislovakia.sk\/en\/wili-tatry-apartments\/apartments\/one-bedroom-apartments\/","og_locale":"en_US","og_type":"article","og_title":"One Bedroom Apartments &#8211; Wili Slovakia","og_description":"One-bedroom apartments are on the ground floor of the apartment building. It has one separate bedroom with a double bed","og_url":"https:\/\/www.wilislovakia.sk\/en\/wili-tatry-apartments\/apartments\/one-bedroom-apartments\/","og_site_name":"Wili Slovakia","article_publisher":"https:\/\/www.facebook.com\/wilislovakia","article_modified_time":"2025-09-19T07:32:01+00:00","og_image":[{"width":1800,"height":1200,"url":"https:\/\/www.wilislovakia.sk\/wp-content\/uploads\/sites\/157\/2024\/08\/Fotolia_69754459_Subscription_Monthly_M-copy.jpg","type":"image\/jpeg"}],"twitter_card":"summary_large_image","schema":{"@context":"https:\/\/schema.org","@graph":[{"@type":"WebPage","@id":"https:\/\/www.wilislovakia.sk\/en\/wili-tatry-apartments\/apartments\/one-bedroom-apartments\/","url":"https:\/\/www.wilislovakia.sk\/en\/wili-tatry-apartments\/apartments\/one-bedroom-apartments\/","name":"One Bedroom Apartments &#8211; Wili Slovakia","isPartOf":{"@id":"https:\/\/www.wilislovakia.sk\/en\/#website"},"datePublished":"2024-07-11T12:31:10+00:00","dateModified":"2025-09-19T07:32:01+00:00","description":"One-bedroom apartments are on the ground floor of the apartment building. It has one separate bedroom with a double bed","breadcrumb":{"@id":"https:\/\/www.wilislovakia.sk\/en\/wili-tatry-apartments\/apartments\/one-bedroom-apartments\/#breadcrumb"},"inLanguage":"en-US","potentialAction":[{"@type":"ReadAction","target":["https:\/\/www.wilislovakia.sk\/en\/wili-tatry-apartments\/apartments\/one-bedroom-apartments\/"]}]},{"@type":"BreadcrumbList","@id":"https:\/\/www.wilislovakia.sk\/en\/wili-tatry-apartments\/apartments\/one-bedroom-apartments\/#breadcrumb","itemListElement":[{"@type":"ListItem","position":1,"name":"Home","item":"https:\/\/www.wilislovakia.sk\/en\/wili-slovakia\/"},{"@type":"ListItem","position":2,"name":"Wili Tatry Apartments","item":"https:\/\/www.wilislovakia.sk\/en\/wili-tatry-apartments\/"},{"@type":"ListItem","position":3,"name":"Apartments","item":"https:\/\/www.wilislovakia.sk\/en\/wili-tatry-apartments\/apartments\/"},{"@type":"ListItem","position":4,"name":"One Bedroom Apartments"}]},{"@type":"WebSite","@id":"https:\/\/www.wilislovakia.sk\/en\/#website","url":"https:\/\/www.wilislovakia.sk\/en\/","name":"Wili Slovakia","description":"Pr\u00ed\u010fte ako hostia, od\u00ed\u010fte ako na\u0161i priatelia.","publisher":{"@id":"https:\/\/www.wilislovakia.sk\/en\/#organization"},"alternateName":"Wili Slovakia","potentialAction":[{"@type":"SearchAction","target":{"@type":"EntryPoint","urlTemplate":"https:\/\/www.wilislovakia.sk\/en\/?s={search_term_string}"},"query-input":"required name=search_term_string"}],"inLanguage":"en-US"},{"@type":"Organization","@id":"https:\/\/www.wilislovakia.sk\/en\/#organization","name":"Wili Slovakia","alternateName":"Wili Holding","url":"https:\/\/www.wilislovakia.sk\/en\/","logo":{"@type":"ImageObject","inLanguage":"en-US","@id":"https:\/\/www.wilislovakia.sk\/en\/#\/schema\/logo\/image\/","url":"https:\/\/www.wilislovakia.sk\/wp-content\/uploads\/sites\/157\/2024\/09\/Logo_Wili_Slovakia_Transparent3.png","contentUrl":"https:\/\/www.wilislovakia.sk\/wp-content\/uploads\/sites\/157\/2024\/09\/Logo_Wili_Slovakia_Transparent3.png","width":200,"height":42,"caption":"Wili Slovakia"},"image":{"@id":"https:\/\/www.wilislovakia.sk\/en\/#\/schema\/logo\/image\/"},"sameAs":["https:\/\/www.facebook.com\/wilislovakia","https:\/\/www.instagram.com\/wilislovakia_vacation_rentals\/"]}]}},"acf":[],"_links":{"self":[{"href":"https:\/\/www.wilislovakia.sk\/en\/wp-json\/wp\/v2\/pages\/120"}],"collection":[{"href":"https:\/\/www.wilislovakia.sk\/en\/wp-json\/wp\/v2\/pages"}],"about":[{"href":"https:\/\/www.wilislovakia.sk\/en\/wp-json\/wp\/v2\/types\/page"}],"author":[{"embeddable":true,"href":"https:\/\/www.wilislovakia.sk\/en\/wp-json\/wp\/v2\/users\/12"}],"replies":[{"embeddable":true,"href":"https:\/\/www.wilislovakia.sk\/en\/wp-json\/wp\/v2\/comments?post=120"}],"version-history":[{"count":0,"href":"https:\/\/www.wilislovakia.sk\/en\/wp-json\/wp\/v2\/pages\/120\/revisions"}],"up":[{"embeddable":true,"href":"https:\/\/www.wilislovakia.sk\/en\/wp-json\/wp\/v2\/pages\/74"}],"wp:attachment":[{"href":"https:\/\/www.wilislovakia.sk\/en\/wp-json\/wp\/v2\/media?parent=120"}],"curies":[{"name":"wp","href":"https:\/\/api.w.org\/{rel}","templated":true}]}}