{"id":182,"date":"2024-07-12T14:08:08","date_gmt":"2024-07-12T14:08:08","guid":{"rendered":"https:\/\/wili-traty-apartments.ms2.decms.eu\/wili-hunter-chaty\/"},"modified":"2024-10-14T15:51:49","modified_gmt":"2024-10-14T15:51:49","slug":"wili-hunter-chalets","status":"publish","type":"page","link":"https:\/\/www.wilislovakia.sk\/en\/wili-hunter-chalets\/","title":{"rendered":"Wili Hunter Chalet"},"content":{"rendered":"<p>The WILI HUNTER Cottages consist of 3 standalone chalets on a fenced property.<\/p>\n<p><strong>Cottage Bear<\/strong>\u00a0accommodates up to 12 people, featuring 3 bedrooms, 2 bathrooms, a large living room connected to an open kitchen and dining area.<\/p>\n<p><strong>Cottage Deer<\/strong> is smaller, fully wooden, and accommodates up to 8 people, with 3 bedrooms, 1 bathroom, and a spacious open area on the ground floor that includes a living room, kitchen, and dining space.<\/p>\n<p>The <strong>Fox Cottage or Apartment<\/strong> is designed for 2 people, with a separate WC with a shower hose, a fully equipped kitchenette, and even a small stove.<\/p>\n<p>Chalets Bear and Deer both have large covered terraces, and each has a wooden hot tub. The property includes a children&#8217;s playground, a covered gazebo for grilling and cooking goulash, and an open fire pit.<\/p>\n<p>For larger dogs, Cottage Bear also has a kennel.<\/p>\n","protected":false},"excerpt":{"rendered":"<p>The WILI HUNTER Cottages consist of 3 standalone chalets on a fenced property. Cottage Bear\u00a0accommodates up to 12 people, featuring 3 bedrooms, 2 bathrooms, a large living room connected to an open kitchen and dining area. Cottage Deer is smaller, fully wooden, and accommodates up to 8 people, with 3 bedrooms, 1 bathroom, and a [&hellip;]<\/p>\n","protected":false},"author":12,"featured_media":0,"parent":0,"menu_order":50,"comment_status":"closed","ping_status":"closed","template":"template-single-structure.php","meta":{"footnotes":""},"class_list":["post-182","page","type-page","status-publish","hentry"],"yoast_head":"<!-- This site is optimized with the Yoast SEO plugin v27.3 - https:\/\/yoast.com\/product\/yoast-seo-wordpress\/ -->\n<title>Wili Hunter Chalet &#8211; Wili Slovakia<\/title>\n<meta name=\"description\" content=\"The WILI HUNTER Cottages consist of 3 standalone chalets on a fenced property.  Cottage Bear\u00a0accommodates up to 12 people, featuring 3 bedrooms, 2 bathrooms, a large living room connected to an open kitchen and dining area.  Cottage Deer is smaller, fully wooden, and accommodates up to 8 people, with 3 bedrooms, 1 bathroom, and a spacious open area on the ground floor that includes a living room, kitchen, and dining space.  The Fox Cottage or Apartment is designed for 2 people, with a separate WC with a shower hose, a fully equipped kitchenette, and even a small stove.  Chalets Bear and Deer both have large covered terraces, and each has a wooden hot tub. The property includes a children&#039;s playground, a covered gazebo for grilling and cooking goulash, and an open fire pit.  For larger dogs, Cottage Bear also has a kennel.\" \/>\n<meta name=\"robots\" content=\"index, follow, max-snippet:-1, max-image-preview:large, max-video-preview:-1\" \/>\n<link rel=\"canonical\" href=\"https:\/\/www.wilislovakia.sk\/en\/wili-hunter-chalets\/\" \/>\n<meta property=\"og:locale\" content=\"en_US\" \/>\n<meta property=\"og:type\" content=\"article\" \/>\n<meta property=\"og:title\" content=\"Wili Hunter Chalet &#8211; Wili Slovakia\" \/>\n<meta property=\"og:description\" content=\"The WILI HUNTER Cottages consist of 3 standalone chalets on a fenced property.  Cottage Bear\u00a0accommodates up to 12 people, featuring 3 bedrooms, 2 bathrooms, a large living room connected to an open kitchen and dining area.  Cottage Deer is smaller, fully wooden, and accommodates up to 8 people, with 3 bedrooms, 1 bathroom, and a spacious open area on the ground floor that includes a living room, kitchen, and dining space.  The Fox Cottage or Apartment is designed for 2 people, with a separate WC with a shower hose, a fully equipped kitchenette, and even a small stove.  Chalets Bear and Deer both have large covered terraces, and each has a wooden hot tub. The property includes a children&#039;s playground, a covered gazebo for grilling and cooking goulash, and an open fire pit.  For larger dogs, Cottage Bear also has a kennel.\" \/>\n<meta property=\"og:url\" content=\"https:\/\/www.wilislovakia.sk\/en\/wili-hunter-chalets\/\" \/>\n<meta property=\"og:site_name\" content=\"Wili Slovakia\" \/>\n<meta property=\"article:publisher\" content=\"https:\/\/www.facebook.com\/wilislovakia\" \/>\n<meta property=\"article:modified_time\" content=\"2024-10-14T15:51:49+00:00\" \/>\n<meta property=\"og:image\" content=\"https:\/\/www.wilislovakia.sk\/wp-content\/uploads\/sites\/157\/2024\/08\/Fotolia_69754459_Subscription_Monthly_M-copy.jpg\" \/>\n\t<meta property=\"og:image:width\" content=\"1800\" \/>\n\t<meta property=\"og:image:height\" content=\"1200\" \/>\n\t<meta property=\"og:image:type\" content=\"image\/jpeg\" \/>\n<meta name=\"twitter:card\" content=\"summary_large_image\" \/>\n<script type=\"application\/ld+json\" class=\"yoast-schema-graph\">{\"@context\":\"https:\\\/\\\/schema.org\",\"@graph\":[{\"@type\":\"WebPage\",\"@id\":\"https:\\\/\\\/www.wilislovakia.sk\\\/en\\\/wili-hunter-chalets\\\/\",\"url\":\"https:\\\/\\\/www.wilislovakia.sk\\\/en\\\/wili-hunter-chalets\\\/\",\"name\":\"Wili Hunter Chalet &#8211; Wili Slovakia\",\"isPartOf\":{\"@id\":\"https:\\\/\\\/www.wilislovakia.sk\\\/en\\\/#website\"},\"datePublished\":\"2024-07-12T14:08:08+00:00\",\"dateModified\":\"2024-10-14T15:51:49+00:00\",\"description\":\"The WILI HUNTER Cottages consist of 3 standalone chalets on a fenced property. Cottage Bear\u00a0accommodates up to 12 people, featuring 3 bedrooms, 2 bathrooms, a large living room connected to an open kitchen and dining area. Cottage Deer is smaller, fully wooden, and accommodates up to 8 people, with 3 bedrooms, 1 bathroom, and a spacious open area on the ground floor that includes a living room, kitchen, and dining space. The Fox Cottage or Apartment is designed for 2 people, with a separate WC with a shower hose, a fully equipped kitchenette, and even a small stove. Chalets Bear and Deer both have large covered terraces, and each has a wooden hot tub. The property includes a children's playground, a covered gazebo for grilling and cooking goulash, and an open fire pit. For larger dogs, Cottage Bear also has a kennel.\",\"breadcrumb\":{\"@id\":\"https:\\\/\\\/www.wilislovakia.sk\\\/en\\\/wili-hunter-chalets\\\/#breadcrumb\"},\"inLanguage\":\"en-US\",\"potentialAction\":[{\"@type\":\"ReadAction\",\"target\":[\"https:\\\/\\\/www.wilislovakia.sk\\\/en\\\/wili-hunter-chalets\\\/\"]}]},{\"@type\":\"BreadcrumbList\",\"@id\":\"https:\\\/\\\/www.wilislovakia.sk\\\/en\\\/wili-hunter-chalets\\\/#breadcrumb\",\"itemListElement\":[{\"@type\":\"ListItem\",\"position\":1,\"name\":\"Home\",\"item\":\"https:\\\/\\\/www.wilislovakia.sk\\\/en\\\/wili-slovakia\\\/\"},{\"@type\":\"ListItem\",\"position\":2,\"name\":\"Wili Hunter Chalet\"}]},{\"@type\":\"WebSite\",\"@id\":\"https:\\\/\\\/www.wilislovakia.sk\\\/en\\\/#website\",\"url\":\"https:\\\/\\\/www.wilislovakia.sk\\\/en\\\/\",\"name\":\"Wili Slovakia\",\"description\":\"Pr\u00ed\u010fte ako hostia, od\u00ed\u010fte ako na\u0161i priatelia.\",\"publisher\":{\"@id\":\"https:\\\/\\\/www.wilislovakia.sk\\\/en\\\/#organization\"},\"alternateName\":\"Wili Slovakia\",\"potentialAction\":[{\"@type\":\"SearchAction\",\"target\":{\"@type\":\"EntryPoint\",\"urlTemplate\":\"https:\\\/\\\/www.wilislovakia.sk\\\/en\\\/?s={search_term_string}\"},\"query-input\":{\"@type\":\"PropertyValueSpecification\",\"valueRequired\":true,\"valueName\":\"search_term_string\"}}],\"inLanguage\":\"en-US\"},{\"@type\":\"Organization\",\"@id\":\"https:\\\/\\\/www.wilislovakia.sk\\\/en\\\/#organization\",\"name\":\"Wili Slovakia\",\"alternateName\":\"Wili Holding\",\"url\":\"https:\\\/\\\/www.wilislovakia.sk\\\/en\\\/\",\"logo\":{\"@type\":\"ImageObject\",\"inLanguage\":\"en-US\",\"@id\":\"https:\\\/\\\/www.wilislovakia.sk\\\/en\\\/#\\\/schema\\\/logo\\\/image\\\/\",\"url\":\"https:\\\/\\\/www.wilislovakia.sk\\\/wp-content\\\/uploads\\\/sites\\\/157\\\/2024\\\/09\\\/Logo_Wili_Slovakia_Transparent3.png\",\"contentUrl\":\"https:\\\/\\\/www.wilislovakia.sk\\\/wp-content\\\/uploads\\\/sites\\\/157\\\/2024\\\/09\\\/Logo_Wili_Slovakia_Transparent3.png\",\"width\":200,\"height\":42,\"caption\":\"Wili Slovakia\"},\"image\":{\"@id\":\"https:\\\/\\\/www.wilislovakia.sk\\\/en\\\/#\\\/schema\\\/logo\\\/image\\\/\"},\"sameAs\":[\"https:\\\/\\\/www.facebook.com\\\/wilislovakia\",\"https:\\\/\\\/www.instagram.com\\\/wilislovakia_vacation_rentals\\\/\"]}]}<\/script>\n<!-- \/ Yoast SEO plugin. -->","yoast_head_json":{"title":"Wili Hunter Chalet &#8211; Wili Slovakia","description":"The WILI HUNTER Cottages consist of 3 standalone chalets on a fenced property.  Cottage Bear\u00a0accommodates up to 12 people, featuring 3 bedrooms, 2 bathrooms, a large living room connected to an open kitchen and dining area.  Cottage Deer is smaller, fully wooden, and accommodates up to 8 people, with 3 bedrooms, 1 bathroom, and a spacious open area on the ground floor that includes a living room, kitchen, and dining space.  The Fox Cottage or Apartment is designed for 2 people, with a separate WC with a shower hose, a fully equipped kitchenette, and even a small stove.  Chalets Bear and Deer both have large covered terraces, and each has a wooden hot tub. The property includes a children's playground, a covered gazebo for grilling and cooking goulash, and an open fire pit.  For larger dogs, Cottage Bear also has a kennel.","robots":{"index":"index","follow":"follow","max-snippet":"max-snippet:-1","max-image-preview":"max-image-preview:large","max-video-preview":"max-video-preview:-1"},"canonical":"https:\/\/www.wilislovakia.sk\/en\/wili-hunter-chalets\/","og_locale":"en_US","og_type":"article","og_title":"Wili Hunter Chalet &#8211; Wili Slovakia","og_description":"The WILI HUNTER Cottages consist of 3 standalone chalets on a fenced property.  Cottage Bear\u00a0accommodates up to 12 people, featuring 3 bedrooms, 2 bathrooms, a large living room connected to an open kitchen and dining area.  Cottage Deer is smaller, fully wooden, and accommodates up to 8 people, with 3 bedrooms, 1 bathroom, and a spacious open area on the ground floor that includes a living room, kitchen, and dining space.  The Fox Cottage or Apartment is designed for 2 people, with a separate WC with a shower hose, a fully equipped kitchenette, and even a small stove.  Chalets Bear and Deer both have large covered terraces, and each has a wooden hot tub. The property includes a children's playground, a covered gazebo for grilling and cooking goulash, and an open fire pit.  For larger dogs, Cottage Bear also has a kennel.","og_url":"https:\/\/www.wilislovakia.sk\/en\/wili-hunter-chalets\/","og_site_name":"Wili Slovakia","article_publisher":"https:\/\/www.facebook.com\/wilislovakia","article_modified_time":"2024-10-14T15:51:49+00:00","og_image":[{"width":1800,"height":1200,"url":"https:\/\/www.wilislovakia.sk\/wp-content\/uploads\/sites\/157\/2024\/08\/Fotolia_69754459_Subscription_Monthly_M-copy.jpg","type":"image\/jpeg"}],"twitter_card":"summary_large_image","schema":{"@context":"https:\/\/schema.org","@graph":[{"@type":"WebPage","@id":"https:\/\/www.wilislovakia.sk\/en\/wili-hunter-chalets\/","url":"https:\/\/www.wilislovakia.sk\/en\/wili-hunter-chalets\/","name":"Wili Hunter Chalet &#8211; Wili Slovakia","isPartOf":{"@id":"https:\/\/www.wilislovakia.sk\/en\/#website"},"datePublished":"2024-07-12T14:08:08+00:00","dateModified":"2024-10-14T15:51:49+00:00","description":"The WILI HUNTER Cottages consist of 3 standalone chalets on a fenced property. Cottage Bear\u00a0accommodates up to 12 people, featuring 3 bedrooms, 2 bathrooms, a large living room connected to an open kitchen and dining area. Cottage Deer is smaller, fully wooden, and accommodates up to 8 people, with 3 bedrooms, 1 bathroom, and a spacious open area on the ground floor that includes a living room, kitchen, and dining space. The Fox Cottage or Apartment is designed for 2 people, with a separate WC with a shower hose, a fully equipped kitchenette, and even a small stove. Chalets Bear and Deer both have large covered terraces, and each has a wooden hot tub. The property includes a children's playground, a covered gazebo for grilling and cooking goulash, and an open fire pit. For larger dogs, Cottage Bear also has a kennel.","breadcrumb":{"@id":"https:\/\/www.wilislovakia.sk\/en\/wili-hunter-chalets\/#breadcrumb"},"inLanguage":"en-US","potentialAction":[{"@type":"ReadAction","target":["https:\/\/www.wilislovakia.sk\/en\/wili-hunter-chalets\/"]}]},{"@type":"BreadcrumbList","@id":"https:\/\/www.wilislovakia.sk\/en\/wili-hunter-chalets\/#breadcrumb","itemListElement":[{"@type":"ListItem","position":1,"name":"Home","item":"https:\/\/www.wilislovakia.sk\/en\/wili-slovakia\/"},{"@type":"ListItem","position":2,"name":"Wili Hunter Chalet"}]},{"@type":"WebSite","@id":"https:\/\/www.wilislovakia.sk\/en\/#website","url":"https:\/\/www.wilislovakia.sk\/en\/","name":"Wili Slovakia","description":"Pr\u00ed\u010fte ako hostia, od\u00ed\u010fte ako na\u0161i priatelia.","publisher":{"@id":"https:\/\/www.wilislovakia.sk\/en\/#organization"},"alternateName":"Wili Slovakia","potentialAction":[{"@type":"SearchAction","target":{"@type":"EntryPoint","urlTemplate":"https:\/\/www.wilislovakia.sk\/en\/?s={search_term_string}"},"query-input":{"@type":"PropertyValueSpecification","valueRequired":true,"valueName":"search_term_string"}}],"inLanguage":"en-US"},{"@type":"Organization","@id":"https:\/\/www.wilislovakia.sk\/en\/#organization","name":"Wili Slovakia","alternateName":"Wili Holding","url":"https:\/\/www.wilislovakia.sk\/en\/","logo":{"@type":"ImageObject","inLanguage":"en-US","@id":"https:\/\/www.wilislovakia.sk\/en\/#\/schema\/logo\/image\/","url":"https:\/\/www.wilislovakia.sk\/wp-content\/uploads\/sites\/157\/2024\/09\/Logo_Wili_Slovakia_Transparent3.png","contentUrl":"https:\/\/www.wilislovakia.sk\/wp-content\/uploads\/sites\/157\/2024\/09\/Logo_Wili_Slovakia_Transparent3.png","width":200,"height":42,"caption":"Wili Slovakia"},"image":{"@id":"https:\/\/www.wilislovakia.sk\/en\/#\/schema\/logo\/image\/"},"sameAs":["https:\/\/www.facebook.com\/wilislovakia","https:\/\/www.instagram.com\/wilislovakia_vacation_rentals\/"]}]}},"acf":[],"_links":{"self":[{"href":"https:\/\/www.wilislovakia.sk\/en\/wp-json\/wp\/v2\/pages\/182","targetHints":{"allow":["GET"]}}],"collection":[{"href":"https:\/\/www.wilislovakia.sk\/en\/wp-json\/wp\/v2\/pages"}],"about":[{"href":"https:\/\/www.wilislovakia.sk\/en\/wp-json\/wp\/v2\/types\/page"}],"author":[{"embeddable":true,"href":"https:\/\/www.wilislovakia.sk\/en\/wp-json\/wp\/v2\/users\/12"}],"replies":[{"embeddable":true,"href":"https:\/\/www.wilislovakia.sk\/en\/wp-json\/wp\/v2\/comments?post=182"}],"version-history":[{"count":0,"href":"https:\/\/www.wilislovakia.sk\/en\/wp-json\/wp\/v2\/pages\/182\/revisions"}],"wp:attachment":[{"href":"https:\/\/www.wilislovakia.sk\/en\/wp-json\/wp\/v2\/media?parent=182"}],"curies":[{"name":"wp","href":"https:\/\/api.w.org\/{rel}","templated":true}]}}