{"id":376,"date":"2024-07-12T13:56:01","date_gmt":"2024-07-12T13:56:01","guid":{"rendered":"https:\/\/wili-traty-apartments.ms2.decms.eu\/?page_id=376"},"modified":"2024-10-14T15:55:10","modified_gmt":"2024-10-14T15:55:10","slug":"chalet-fox","status":"publish","type":"page","link":"https:\/\/www.wilislovakia.sk\/en\/wili-hunter-chalets\/wili-hunter-chalets\/chalet-fox\/","title":{"rendered":"Chalet Fox"},"content":{"rendered":"<p>Cottage for 2 people (beds can be joined or separated), <strong>35 m\u00b2<\/strong>. It features a single room with a sleeping area and a fully equipped kitchenette. There is a wood-burning stove available.<\/p>\n<p>A small hallway and a separate toilet with a sink are included. The shower is part of the WC, so please be aware of the wet floor.<\/p>\n<p>Hot Tub Fee<strong>:<\/strong> <em>from \u20ac100\/day<\/em>.<\/p>\n<p>PLEASE NOTE<strong>:<\/strong> There is no Wi-Fi in the cottage. Mobile signal is weak and available only in certain areas.<\/p>\n","protected":false},"excerpt":{"rendered":"<p>Cottage for 2 people (beds can be joined or separated), 35 m\u00b2. It features a single room with a sleeping area and a fully equipped kitchenette. There is a wood-burning stove available. A small hallway and a separate toilet with a sink are included. The shower is part of the WC, so please be aware [&hellip;]<\/p>\n","protected":false},"author":12,"featured_media":0,"parent":129,"menu_order":56,"comment_status":"closed","ping_status":"closed","template":"template-single-room.php","meta":{"footnotes":""},"class_list":["post-376","page","type-page","status-publish","hentry"],"yoast_head":"<!-- This site is optimized with the Yoast SEO plugin v27.3 - https:\/\/yoast.com\/product\/yoast-seo-wordpress\/ -->\n<title>Chalet Fox &#8211; Wili Slovakia<\/title>\n<meta name=\"description\" content=\"Cottage for 2 people (beds can be joined or separated), 35 m\u00b2. It features a single room with a sleeping area and a fully equipped kitchenette\" \/>\n<meta name=\"robots\" content=\"index, follow, max-snippet:-1, max-image-preview:large, max-video-preview:-1\" \/>\n<link rel=\"canonical\" href=\"https:\/\/www.wilislovakia.sk\/en\/wili-hunter-chalets\/wili-hunter-chalets\/chalet-fox\/\" \/>\n<meta property=\"og:locale\" content=\"en_US\" \/>\n<meta property=\"og:type\" content=\"article\" \/>\n<meta property=\"og:title\" content=\"Chalet Fox &#8211; Wili Slovakia\" \/>\n<meta property=\"og:description\" content=\"Cottage for 2 people (beds can be joined or separated), 35 m\u00b2. It features a single room with a sleeping area and a fully equipped kitchenette\" \/>\n<meta property=\"og:url\" content=\"https:\/\/www.wilislovakia.sk\/en\/wili-hunter-chalets\/wili-hunter-chalets\/chalet-fox\/\" \/>\n<meta property=\"og:site_name\" content=\"Wili Slovakia\" \/>\n<meta property=\"article:publisher\" content=\"https:\/\/www.facebook.com\/wilislovakia\" \/>\n<meta property=\"article:modified_time\" content=\"2024-10-14T15:55:10+00:00\" \/>\n<meta property=\"og:image\" content=\"https:\/\/www.wilislovakia.sk\/wp-content\/uploads\/sites\/157\/2024\/08\/Fotolia_69754459_Subscription_Monthly_M-copy.jpg\" \/>\n\t<meta property=\"og:image:width\" content=\"1800\" \/>\n\t<meta property=\"og:image:height\" content=\"1200\" \/>\n\t<meta property=\"og:image:type\" content=\"image\/jpeg\" \/>\n<meta name=\"twitter:card\" content=\"summary_large_image\" \/>\n<script type=\"application\/ld+json\" class=\"yoast-schema-graph\">{\"@context\":\"https:\\\/\\\/schema.org\",\"@graph\":[{\"@type\":\"WebPage\",\"@id\":\"https:\\\/\\\/www.wilislovakia.sk\\\/en\\\/wili-hunter-chalets\\\/wili-hunter-chalets\\\/chalet-fox\\\/\",\"url\":\"https:\\\/\\\/www.wilislovakia.sk\\\/en\\\/wili-hunter-chalets\\\/wili-hunter-chalets\\\/chalet-fox\\\/\",\"name\":\"Chalet Fox &#8211; Wili Slovakia\",\"isPartOf\":{\"@id\":\"https:\\\/\\\/www.wilislovakia.sk\\\/en\\\/#website\"},\"datePublished\":\"2024-07-12T13:56:01+00:00\",\"dateModified\":\"2024-10-14T15:55:10+00:00\",\"description\":\"Cottage for 2 people (beds can be joined or separated), 35 m\u00b2. It features a single room with a sleeping area and a fully equipped kitchenette\",\"breadcrumb\":{\"@id\":\"https:\\\/\\\/www.wilislovakia.sk\\\/en\\\/wili-hunter-chalets\\\/wili-hunter-chalets\\\/chalet-fox\\\/#breadcrumb\"},\"inLanguage\":\"en-US\",\"potentialAction\":[{\"@type\":\"ReadAction\",\"target\":[\"https:\\\/\\\/www.wilislovakia.sk\\\/en\\\/wili-hunter-chalets\\\/wili-hunter-chalets\\\/chalet-fox\\\/\"]}]},{\"@type\":\"BreadcrumbList\",\"@id\":\"https:\\\/\\\/www.wilislovakia.sk\\\/en\\\/wili-hunter-chalets\\\/wili-hunter-chalets\\\/chalet-fox\\\/#breadcrumb\",\"itemListElement\":[{\"@type\":\"ListItem\",\"position\":1,\"name\":\"Home\",\"item\":\"https:\\\/\\\/www.wilislovakia.sk\\\/en\\\/wili-slovakia\\\/\"},{\"@type\":\"ListItem\",\"position\":2,\"name\":\"Wili Hunter Chalet\",\"item\":\"https:\\\/\\\/www.wilislovakia.sk\\\/en\\\/wili-hunter-chalets\\\/\"},{\"@type\":\"ListItem\",\"position\":3,\"name\":\"Chalets\",\"item\":\"https:\\\/\\\/www.wilislovakia.sk\\\/en\\\/wili-hunter-chalets\\\/wili-hunter-chalets\\\/\"},{\"@type\":\"ListItem\",\"position\":4,\"name\":\"Chalet Fox\"}]},{\"@type\":\"WebSite\",\"@id\":\"https:\\\/\\\/www.wilislovakia.sk\\\/en\\\/#website\",\"url\":\"https:\\\/\\\/www.wilislovakia.sk\\\/en\\\/\",\"name\":\"Wili Slovakia\",\"description\":\"Pr\u00ed\u010fte ako hostia, od\u00ed\u010fte ako na\u0161i priatelia.\",\"publisher\":{\"@id\":\"https:\\\/\\\/www.wilislovakia.sk\\\/en\\\/#organization\"},\"alternateName\":\"Wili Slovakia\",\"potentialAction\":[{\"@type\":\"SearchAction\",\"target\":{\"@type\":\"EntryPoint\",\"urlTemplate\":\"https:\\\/\\\/www.wilislovakia.sk\\\/en\\\/?s={search_term_string}\"},\"query-input\":{\"@type\":\"PropertyValueSpecification\",\"valueRequired\":true,\"valueName\":\"search_term_string\"}}],\"inLanguage\":\"en-US\"},{\"@type\":\"Organization\",\"@id\":\"https:\\\/\\\/www.wilislovakia.sk\\\/en\\\/#organization\",\"name\":\"Wili Slovakia\",\"alternateName\":\"Wili Holding\",\"url\":\"https:\\\/\\\/www.wilislovakia.sk\\\/en\\\/\",\"logo\":{\"@type\":\"ImageObject\",\"inLanguage\":\"en-US\",\"@id\":\"https:\\\/\\\/www.wilislovakia.sk\\\/en\\\/#\\\/schema\\\/logo\\\/image\\\/\",\"url\":\"https:\\\/\\\/www.wilislovakia.sk\\\/wp-content\\\/uploads\\\/sites\\\/157\\\/2024\\\/09\\\/Logo_Wili_Slovakia_Transparent3.png\",\"contentUrl\":\"https:\\\/\\\/www.wilislovakia.sk\\\/wp-content\\\/uploads\\\/sites\\\/157\\\/2024\\\/09\\\/Logo_Wili_Slovakia_Transparent3.png\",\"width\":200,\"height\":42,\"caption\":\"Wili Slovakia\"},\"image\":{\"@id\":\"https:\\\/\\\/www.wilislovakia.sk\\\/en\\\/#\\\/schema\\\/logo\\\/image\\\/\"},\"sameAs\":[\"https:\\\/\\\/www.facebook.com\\\/wilislovakia\",\"https:\\\/\\\/www.instagram.com\\\/wilislovakia_vacation_rentals\\\/\"]}]}<\/script>\n<!-- \/ Yoast SEO plugin. -->","yoast_head_json":{"title":"Chalet Fox &#8211; Wili Slovakia","description":"Cottage for 2 people (beds can be joined or separated), 35 m\u00b2. It features a single room with a sleeping area and a fully equipped kitchenette","robots":{"index":"index","follow":"follow","max-snippet":"max-snippet:-1","max-image-preview":"max-image-preview:large","max-video-preview":"max-video-preview:-1"},"canonical":"https:\/\/www.wilislovakia.sk\/en\/wili-hunter-chalets\/wili-hunter-chalets\/chalet-fox\/","og_locale":"en_US","og_type":"article","og_title":"Chalet Fox &#8211; Wili Slovakia","og_description":"Cottage for 2 people (beds can be joined or separated), 35 m\u00b2. It features a single room with a sleeping area and a fully equipped kitchenette","og_url":"https:\/\/www.wilislovakia.sk\/en\/wili-hunter-chalets\/wili-hunter-chalets\/chalet-fox\/","og_site_name":"Wili Slovakia","article_publisher":"https:\/\/www.facebook.com\/wilislovakia","article_modified_time":"2024-10-14T15:55:10+00:00","og_image":[{"width":1800,"height":1200,"url":"https:\/\/www.wilislovakia.sk\/wp-content\/uploads\/sites\/157\/2024\/08\/Fotolia_69754459_Subscription_Monthly_M-copy.jpg","type":"image\/jpeg"}],"twitter_card":"summary_large_image","schema":{"@context":"https:\/\/schema.org","@graph":[{"@type":"WebPage","@id":"https:\/\/www.wilislovakia.sk\/en\/wili-hunter-chalets\/wili-hunter-chalets\/chalet-fox\/","url":"https:\/\/www.wilislovakia.sk\/en\/wili-hunter-chalets\/wili-hunter-chalets\/chalet-fox\/","name":"Chalet Fox &#8211; Wili Slovakia","isPartOf":{"@id":"https:\/\/www.wilislovakia.sk\/en\/#website"},"datePublished":"2024-07-12T13:56:01+00:00","dateModified":"2024-10-14T15:55:10+00:00","description":"Cottage for 2 people (beds can be joined or separated), 35 m\u00b2. It features a single room with a sleeping area and a fully equipped kitchenette","breadcrumb":{"@id":"https:\/\/www.wilislovakia.sk\/en\/wili-hunter-chalets\/wili-hunter-chalets\/chalet-fox\/#breadcrumb"},"inLanguage":"en-US","potentialAction":[{"@type":"ReadAction","target":["https:\/\/www.wilislovakia.sk\/en\/wili-hunter-chalets\/wili-hunter-chalets\/chalet-fox\/"]}]},{"@type":"BreadcrumbList","@id":"https:\/\/www.wilislovakia.sk\/en\/wili-hunter-chalets\/wili-hunter-chalets\/chalet-fox\/#breadcrumb","itemListElement":[{"@type":"ListItem","position":1,"name":"Home","item":"https:\/\/www.wilislovakia.sk\/en\/wili-slovakia\/"},{"@type":"ListItem","position":2,"name":"Wili Hunter Chalet","item":"https:\/\/www.wilislovakia.sk\/en\/wili-hunter-chalets\/"},{"@type":"ListItem","position":3,"name":"Chalets","item":"https:\/\/www.wilislovakia.sk\/en\/wili-hunter-chalets\/wili-hunter-chalets\/"},{"@type":"ListItem","position":4,"name":"Chalet Fox"}]},{"@type":"WebSite","@id":"https:\/\/www.wilislovakia.sk\/en\/#website","url":"https:\/\/www.wilislovakia.sk\/en\/","name":"Wili Slovakia","description":"Pr\u00ed\u010fte ako hostia, od\u00ed\u010fte ako na\u0161i priatelia.","publisher":{"@id":"https:\/\/www.wilislovakia.sk\/en\/#organization"},"alternateName":"Wili Slovakia","potentialAction":[{"@type":"SearchAction","target":{"@type":"EntryPoint","urlTemplate":"https:\/\/www.wilislovakia.sk\/en\/?s={search_term_string}"},"query-input":{"@type":"PropertyValueSpecification","valueRequired":true,"valueName":"search_term_string"}}],"inLanguage":"en-US"},{"@type":"Organization","@id":"https:\/\/www.wilislovakia.sk\/en\/#organization","name":"Wili Slovakia","alternateName":"Wili Holding","url":"https:\/\/www.wilislovakia.sk\/en\/","logo":{"@type":"ImageObject","inLanguage":"en-US","@id":"https:\/\/www.wilislovakia.sk\/en\/#\/schema\/logo\/image\/","url":"https:\/\/www.wilislovakia.sk\/wp-content\/uploads\/sites\/157\/2024\/09\/Logo_Wili_Slovakia_Transparent3.png","contentUrl":"https:\/\/www.wilislovakia.sk\/wp-content\/uploads\/sites\/157\/2024\/09\/Logo_Wili_Slovakia_Transparent3.png","width":200,"height":42,"caption":"Wili Slovakia"},"image":{"@id":"https:\/\/www.wilislovakia.sk\/en\/#\/schema\/logo\/image\/"},"sameAs":["https:\/\/www.facebook.com\/wilislovakia","https:\/\/www.instagram.com\/wilislovakia_vacation_rentals\/"]}]}},"acf":[],"_links":{"self":[{"href":"https:\/\/www.wilislovakia.sk\/en\/wp-json\/wp\/v2\/pages\/376","targetHints":{"allow":["GET"]}}],"collection":[{"href":"https:\/\/www.wilislovakia.sk\/en\/wp-json\/wp\/v2\/pages"}],"about":[{"href":"https:\/\/www.wilislovakia.sk\/en\/wp-json\/wp\/v2\/types\/page"}],"author":[{"embeddable":true,"href":"https:\/\/www.wilislovakia.sk\/en\/wp-json\/wp\/v2\/users\/12"}],"replies":[{"embeddable":true,"href":"https:\/\/www.wilislovakia.sk\/en\/wp-json\/wp\/v2\/comments?post=376"}],"version-history":[{"count":0,"href":"https:\/\/www.wilislovakia.sk\/en\/wp-json\/wp\/v2\/pages\/376\/revisions"}],"up":[{"embeddable":true,"href":"https:\/\/www.wilislovakia.sk\/en\/wp-json\/wp\/v2\/pages\/129"}],"wp:attachment":[{"href":"https:\/\/www.wilislovakia.sk\/en\/wp-json\/wp\/v2\/media?parent=376"}],"curies":[{"name":"wp","href":"https:\/\/api.w.org\/{rel}","templated":true}]}}