{"id":381,"date":"2024-07-18T14:17:02","date_gmt":"2024-07-18T14:17:02","guid":{"rendered":"https:\/\/wili-traty-apartments.ms2.decms.eu\/?page_id=381"},"modified":"2024-10-09T12:49:09","modified_gmt":"2024-10-09T12:49:09","slug":"hiking-in-velka-fatra","status":"publish","type":"page","link":"https:\/\/www.wilislovakia.sk\/en\/hiking-in-velka-fatra\/","title":{"rendered":"Hiking in Ve\u013ek\u00e1 Fatra"},"content":{"rendered":"<div class=\"one_third\">\n<h3>WILD AND BEAUTIFUL HEART OF SLOVAKIA<\/h3>\n<p>One of the last pieces of untouched nature in Slovakia is situated in Ve\u013ek\u00e1 Fatra mountain range. It is sometimes called &#8220;jungle&#8221;, namely because of hardly accessible terrain of coniferous forests.<\/p>\n<p>&nbsp;<\/p>\n<\/div>\n<div class=\"one_third\">\n<h3>SALA\u0160E AND THE TRADITIONAL PRODUCTS<\/h3>\n<p>Great Fatra hides a lot of traditional chalets with large herds of sheep. You can taste there typical Slovak specialties such as cheese dumplings, o\u0161tiepok, korb\u00e1\u010diky and other traditional products.<\/p>\n<p>&nbsp;<\/p>\n<\/div>\n<div class=\"one_third\">\n<h3>MULTI-DAY HIKES<\/h3>\n<p>Thanks to its large area, the Great Fatra offers a large amount of multi-day tours, during which you can sleep at the mountain huts and in the cozy hotels.<\/p>\n<\/div>\n","protected":false},"excerpt":{"rendered":"<p>WILD AND BEAUTIFUL HEART OF SLOVAKIA One of the last pieces of untouched nature in Slovakia is situated in Ve\u013ek\u00e1 Fatra mountain range. It is sometimes called &#8220;jungle&#8221;, namely because of hardly accessible terrain of coniferous forests. &nbsp; SALA\u0160E AND THE TRADITIONAL PRODUCTS Great Fatra hides a lot of traditional chalets with large herds of [&hellip;]<\/p>\n","protected":false},"author":12,"featured_media":0,"parent":0,"menu_order":1002,"comment_status":"closed","ping_status":"closed","template":"template-surroundings.php","meta":{"footnotes":""},"yoast_head":"<!-- This site is optimized with the Yoast SEO plugin v22.3 - https:\/\/yoast.com\/wordpress\/plugins\/seo\/ -->\n<title>Hiking in Ve\u013ek\u00e1 Fatra &#8211; Wili Slovakia<\/title>\n<meta name=\"description\" content=\"WILD AND BEAUTIFUL HEART OF SLOVAKIA One of the last pieces of untouched nature in Slovakia is situated in Ve\u013ek\u00e1 Fatra mountain range. It is sometimes called &quot;jungle&quot;, namely because of hardly accessible terrain of coniferous forests.  &nbsp;    SALA\u0160E AND THE TRADITIONAL PRODUCTS Great Fatra hides a lot of traditional chalets with large herds of sheep\" \/>\n<meta name=\"robots\" content=\"index, follow, max-snippet:-1, max-image-preview:large, max-video-preview:-1\" \/>\n<link rel=\"canonical\" href=\"https:\/\/www.wilislovakia.sk\/en\/hiking-in-velka-fatra\/\" \/>\n<meta property=\"og:locale\" content=\"en_US\" \/>\n<meta property=\"og:type\" content=\"article\" \/>\n<meta property=\"og:title\" content=\"Hiking in Ve\u013ek\u00e1 Fatra &#8211; Wili Slovakia\" \/>\n<meta property=\"og:description\" content=\"WILD AND BEAUTIFUL HEART OF SLOVAKIA One of the last pieces of untouched nature in Slovakia is situated in Ve\u013ek\u00e1 Fatra mountain range. It is sometimes called &quot;jungle&quot;, namely because of hardly accessible terrain of coniferous forests.  &nbsp;    SALA\u0160E AND THE TRADITIONAL PRODUCTS Great Fatra hides a lot of traditional chalets with large herds of sheep\" \/>\n<meta property=\"og:url\" content=\"https:\/\/www.wilislovakia.sk\/en\/hiking-in-velka-fatra\/\" \/>\n<meta property=\"og:site_name\" content=\"Wili Slovakia\" \/>\n<meta property=\"article:publisher\" content=\"https:\/\/www.facebook.com\/wilislovakia\" \/>\n<meta property=\"article:modified_time\" content=\"2024-10-09T12:49:09+00:00\" \/>\n<meta property=\"og:image\" content=\"https:\/\/www.wilislovakia.sk\/wp-content\/uploads\/sites\/157\/2024\/08\/Fotolia_69754459_Subscription_Monthly_M-copy.jpg\" \/>\n\t<meta property=\"og:image:width\" content=\"1800\" \/>\n\t<meta property=\"og:image:height\" content=\"1200\" \/>\n\t<meta property=\"og:image:type\" content=\"image\/jpeg\" \/>\n<meta name=\"twitter:card\" content=\"summary_large_image\" \/>\n<script type=\"application\/ld+json\" class=\"yoast-schema-graph\">{\"@context\":\"https:\/\/schema.org\",\"@graph\":[{\"@type\":\"WebPage\",\"@id\":\"https:\/\/www.wilislovakia.sk\/en\/hiking-in-velka-fatra\/\",\"url\":\"https:\/\/www.wilislovakia.sk\/en\/hiking-in-velka-fatra\/\",\"name\":\"Hiking in Ve\u013ek\u00e1 Fatra &#8211; Wili Slovakia\",\"isPartOf\":{\"@id\":\"https:\/\/www.wilislovakia.sk\/en\/#website\"},\"datePublished\":\"2024-07-18T14:17:02+00:00\",\"dateModified\":\"2024-10-09T12:49:09+00:00\",\"description\":\"WILD AND BEAUTIFUL HEART OF SLOVAKIA One of the last pieces of untouched nature in Slovakia is situated in Ve\u013ek\u00e1 Fatra mountain range. It is sometimes called \\\"jungle\\\", namely because of hardly accessible terrain of coniferous forests. &nbsp; SALA\u0160E AND THE TRADITIONAL PRODUCTS Great Fatra hides a lot of traditional chalets with large herds of sheep\",\"breadcrumb\":{\"@id\":\"https:\/\/www.wilislovakia.sk\/en\/hiking-in-velka-fatra\/#breadcrumb\"},\"inLanguage\":\"en-US\",\"potentialAction\":[{\"@type\":\"ReadAction\",\"target\":[\"https:\/\/www.wilislovakia.sk\/en\/hiking-in-velka-fatra\/\"]}]},{\"@type\":\"BreadcrumbList\",\"@id\":\"https:\/\/www.wilislovakia.sk\/en\/hiking-in-velka-fatra\/#breadcrumb\",\"itemListElement\":[{\"@type\":\"ListItem\",\"position\":1,\"name\":\"Home\",\"item\":\"https:\/\/www.wilislovakia.sk\/en\/wili-slovakia\/\"},{\"@type\":\"ListItem\",\"position\":2,\"name\":\"Hiking in Ve\u013ek\u00e1 Fatra\"}]},{\"@type\":\"WebSite\",\"@id\":\"https:\/\/www.wilislovakia.sk\/en\/#website\",\"url\":\"https:\/\/www.wilislovakia.sk\/en\/\",\"name\":\"Wili Slovakia\",\"description\":\"Pr\u00ed\u010fte ako hostia, od\u00ed\u010fte ako na\u0161i priatelia.\",\"publisher\":{\"@id\":\"https:\/\/www.wilislovakia.sk\/en\/#organization\"},\"alternateName\":\"Wili Slovakia\",\"potentialAction\":[{\"@type\":\"SearchAction\",\"target\":{\"@type\":\"EntryPoint\",\"urlTemplate\":\"https:\/\/www.wilislovakia.sk\/en\/?s={search_term_string}\"},\"query-input\":\"required name=search_term_string\"}],\"inLanguage\":\"en-US\"},{\"@type\":\"Organization\",\"@id\":\"https:\/\/www.wilislovakia.sk\/en\/#organization\",\"name\":\"Wili Slovakia\",\"alternateName\":\"Wili Holding\",\"url\":\"https:\/\/www.wilislovakia.sk\/en\/\",\"logo\":{\"@type\":\"ImageObject\",\"inLanguage\":\"en-US\",\"@id\":\"https:\/\/www.wilislovakia.sk\/en\/#\/schema\/logo\/image\/\",\"url\":\"https:\/\/www.wilislovakia.sk\/wp-content\/uploads\/sites\/157\/2024\/09\/Logo_Wili_Slovakia_Transparent3.png\",\"contentUrl\":\"https:\/\/www.wilislovakia.sk\/wp-content\/uploads\/sites\/157\/2024\/09\/Logo_Wili_Slovakia_Transparent3.png\",\"width\":200,\"height\":42,\"caption\":\"Wili Slovakia\"},\"image\":{\"@id\":\"https:\/\/www.wilislovakia.sk\/en\/#\/schema\/logo\/image\/\"},\"sameAs\":[\"https:\/\/www.facebook.com\/wilislovakia\",\"https:\/\/www.instagram.com\/wilislovakia_vacation_rentals\/\"]}]}<\/script>\n<!-- \/ Yoast SEO plugin. -->","yoast_head_json":{"title":"Hiking in Ve\u013ek\u00e1 Fatra &#8211; Wili Slovakia","description":"WILD AND BEAUTIFUL HEART OF SLOVAKIA One of the last pieces of untouched nature in Slovakia is situated in Ve\u013ek\u00e1 Fatra mountain range. It is sometimes called \"jungle\", namely because of hardly accessible terrain of coniferous forests.  &nbsp;    SALA\u0160E AND THE TRADITIONAL PRODUCTS Great Fatra hides a lot of traditional chalets with large herds of sheep","robots":{"index":"index","follow":"follow","max-snippet":"max-snippet:-1","max-image-preview":"max-image-preview:large","max-video-preview":"max-video-preview:-1"},"canonical":"https:\/\/www.wilislovakia.sk\/en\/hiking-in-velka-fatra\/","og_locale":"en_US","og_type":"article","og_title":"Hiking in Ve\u013ek\u00e1 Fatra &#8211; Wili Slovakia","og_description":"WILD AND BEAUTIFUL HEART OF SLOVAKIA One of the last pieces of untouched nature in Slovakia is situated in Ve\u013ek\u00e1 Fatra mountain range. It is sometimes called \"jungle\", namely because of hardly accessible terrain of coniferous forests.  &nbsp;    SALA\u0160E AND THE TRADITIONAL PRODUCTS Great Fatra hides a lot of traditional chalets with large herds of sheep","og_url":"https:\/\/www.wilislovakia.sk\/en\/hiking-in-velka-fatra\/","og_site_name":"Wili Slovakia","article_publisher":"https:\/\/www.facebook.com\/wilislovakia","article_modified_time":"2024-10-09T12:49:09+00:00","og_image":[{"width":1800,"height":1200,"url":"https:\/\/www.wilislovakia.sk\/wp-content\/uploads\/sites\/157\/2024\/08\/Fotolia_69754459_Subscription_Monthly_M-copy.jpg","type":"image\/jpeg"}],"twitter_card":"summary_large_image","schema":{"@context":"https:\/\/schema.org","@graph":[{"@type":"WebPage","@id":"https:\/\/www.wilislovakia.sk\/en\/hiking-in-velka-fatra\/","url":"https:\/\/www.wilislovakia.sk\/en\/hiking-in-velka-fatra\/","name":"Hiking in Ve\u013ek\u00e1 Fatra &#8211; Wili Slovakia","isPartOf":{"@id":"https:\/\/www.wilislovakia.sk\/en\/#website"},"datePublished":"2024-07-18T14:17:02+00:00","dateModified":"2024-10-09T12:49:09+00:00","description":"WILD AND BEAUTIFUL HEART OF SLOVAKIA One of the last pieces of untouched nature in Slovakia is situated in Ve\u013ek\u00e1 Fatra mountain range. It is sometimes called \"jungle\", namely because of hardly accessible terrain of coniferous forests. &nbsp; SALA\u0160E AND THE TRADITIONAL PRODUCTS Great Fatra hides a lot of traditional chalets with large herds of sheep","breadcrumb":{"@id":"https:\/\/www.wilislovakia.sk\/en\/hiking-in-velka-fatra\/#breadcrumb"},"inLanguage":"en-US","potentialAction":[{"@type":"ReadAction","target":["https:\/\/www.wilislovakia.sk\/en\/hiking-in-velka-fatra\/"]}]},{"@type":"BreadcrumbList","@id":"https:\/\/www.wilislovakia.sk\/en\/hiking-in-velka-fatra\/#breadcrumb","itemListElement":[{"@type":"ListItem","position":1,"name":"Home","item":"https:\/\/www.wilislovakia.sk\/en\/wili-slovakia\/"},{"@type":"ListItem","position":2,"name":"Hiking in Ve\u013ek\u00e1 Fatra"}]},{"@type":"WebSite","@id":"https:\/\/www.wilislovakia.sk\/en\/#website","url":"https:\/\/www.wilislovakia.sk\/en\/","name":"Wili Slovakia","description":"Pr\u00ed\u010fte ako hostia, od\u00ed\u010fte ako na\u0161i priatelia.","publisher":{"@id":"https:\/\/www.wilislovakia.sk\/en\/#organization"},"alternateName":"Wili Slovakia","potentialAction":[{"@type":"SearchAction","target":{"@type":"EntryPoint","urlTemplate":"https:\/\/www.wilislovakia.sk\/en\/?s={search_term_string}"},"query-input":"required name=search_term_string"}],"inLanguage":"en-US"},{"@type":"Organization","@id":"https:\/\/www.wilislovakia.sk\/en\/#organization","name":"Wili Slovakia","alternateName":"Wili Holding","url":"https:\/\/www.wilislovakia.sk\/en\/","logo":{"@type":"ImageObject","inLanguage":"en-US","@id":"https:\/\/www.wilislovakia.sk\/en\/#\/schema\/logo\/image\/","url":"https:\/\/www.wilislovakia.sk\/wp-content\/uploads\/sites\/157\/2024\/09\/Logo_Wili_Slovakia_Transparent3.png","contentUrl":"https:\/\/www.wilislovakia.sk\/wp-content\/uploads\/sites\/157\/2024\/09\/Logo_Wili_Slovakia_Transparent3.png","width":200,"height":42,"caption":"Wili Slovakia"},"image":{"@id":"https:\/\/www.wilislovakia.sk\/en\/#\/schema\/logo\/image\/"},"sameAs":["https:\/\/www.facebook.com\/wilislovakia","https:\/\/www.instagram.com\/wilislovakia_vacation_rentals\/"]}]}},"acf":[],"_links":{"self":[{"href":"https:\/\/www.wilislovakia.sk\/en\/wp-json\/wp\/v2\/pages\/381"}],"collection":[{"href":"https:\/\/www.wilislovakia.sk\/en\/wp-json\/wp\/v2\/pages"}],"about":[{"href":"https:\/\/www.wilislovakia.sk\/en\/wp-json\/wp\/v2\/types\/page"}],"author":[{"embeddable":true,"href":"https:\/\/www.wilislovakia.sk\/en\/wp-json\/wp\/v2\/users\/12"}],"replies":[{"embeddable":true,"href":"https:\/\/www.wilislovakia.sk\/en\/wp-json\/wp\/v2\/comments?post=381"}],"version-history":[{"count":0,"href":"https:\/\/www.wilislovakia.sk\/en\/wp-json\/wp\/v2\/pages\/381\/revisions"}],"wp:attachment":[{"href":"https:\/\/www.wilislovakia.sk\/en\/wp-json\/wp\/v2\/media?parent=381"}],"curies":[{"name":"wp","href":"https:\/\/api.w.org\/{rel}","templated":true}]}}