{"id":382,"date":"2024-07-18T10:48:22","date_gmt":"2024-07-18T10:48:22","guid":{"rendered":"https:\/\/wili-traty-apartments.ms2.decms.eu\/?page_id=382"},"modified":"2024-10-09T12:42:21","modified_gmt":"2024-10-09T12:42:21","slug":"hiking-in-the-high-tatras","status":"publish","type":"page","link":"https:\/\/www.wilislovakia.sk\/en\/hiking-in-the-high-tatras\/","title":{"rendered":"Hiking in the High Tatras"},"content":{"rendered":"<h3>PRIDE OF SLOVAKIA<\/h3>\n<p>It is completely right to label High Tatras as the pride of Slovakia. Despite of its small surface area, the highest peak of The Carpathian Mountains and of Slovakia, Gerlachovsk\u00fd \u0160t\u00edt (2 655 m. a.s.l.), is situated right there. Walking in surroundings, lighter hikes throughout the forests or even the most challenging hikes to the mountain peaks will make you leave with warm memories.<\/p>\n<h3>TWO-THOUSAND-METER HIGH PEAKS<\/h3>\n<p>The majority of the marked hiking trails in the High Tatras is opened all year long. From the 15th of June till the 1st of November are opened also those, by which you can reach 2 000+ metres high peaks, distant saddles and ridges.<\/p>\n<h3>THE MOST TRAILS<\/h3>\n<p>Tatranska Lomnica serves as a starting point for a lot of hikes in High Tatras. Directly from Tatranska Lomnica you can get to Skalnate pleso (glacier lake), Zelene pleso (Green glacier lake), you can visit the Great and Small Cold valleys or just take a walk through the forest to Star\u00fd Smokovec.<\/p>\n","protected":false},"excerpt":{"rendered":"<p>PRIDE OF SLOVAKIA It is completely right to label High Tatras as the pride of Slovakia. Despite of its small surface area, the highest peak of The Carpathian Mountains and of Slovakia, Gerlachovsk\u00fd \u0160t\u00edt (2 655 m. a.s.l.), is situated right there. Walking in surroundings, lighter hikes throughout the forests or even the most challenging [&hellip;]<\/p>\n","protected":false},"author":12,"featured_media":0,"parent":0,"menu_order":1002,"comment_status":"closed","ping_status":"closed","template":"template-surroundings.php","meta":{"footnotes":""},"yoast_head":"<!-- This site is optimized with the Yoast SEO plugin v22.3 - https:\/\/yoast.com\/wordpress\/plugins\/seo\/ -->\n<title>Hiking in the High Tatras &#8211; Wili Slovakia<\/title>\n<meta name=\"description\" content=\"PRIDE OF SLOVAKIA It is completely right to label High Tatras as the pride of Slovakia. Despite of its small surface area, the highest peak of The Carpathian Mountains and of Slovakia, Gerlachovsk\u00fd \u0160t\u00edt (2 655 m\" \/>\n<meta name=\"robots\" content=\"index, follow, max-snippet:-1, max-image-preview:large, max-video-preview:-1\" \/>\n<link rel=\"canonical\" href=\"https:\/\/www.wilislovakia.sk\/en\/hiking-in-the-high-tatras\/\" \/>\n<meta property=\"og:locale\" content=\"en_US\" \/>\n<meta property=\"og:type\" content=\"article\" \/>\n<meta property=\"og:title\" content=\"Hiking in the High Tatras &#8211; Wili Slovakia\" \/>\n<meta property=\"og:description\" content=\"PRIDE OF SLOVAKIA It is completely right to label High Tatras as the pride of Slovakia. Despite of its small surface area, the highest peak of The Carpathian Mountains and of Slovakia, Gerlachovsk\u00fd \u0160t\u00edt (2 655 m\" \/>\n<meta property=\"og:url\" content=\"https:\/\/www.wilislovakia.sk\/en\/hiking-in-the-high-tatras\/\" \/>\n<meta property=\"og:site_name\" content=\"Wili Slovakia\" \/>\n<meta property=\"article:publisher\" content=\"https:\/\/www.facebook.com\/wilislovakia\" \/>\n<meta property=\"article:modified_time\" content=\"2024-10-09T12:42:21+00:00\" \/>\n<meta property=\"og:image\" content=\"https:\/\/www.wilislovakia.sk\/wp-content\/uploads\/sites\/157\/2024\/08\/Fotolia_69754459_Subscription_Monthly_M-copy.jpg\" \/>\n\t<meta property=\"og:image:width\" content=\"1800\" \/>\n\t<meta property=\"og:image:height\" content=\"1200\" \/>\n\t<meta property=\"og:image:type\" content=\"image\/jpeg\" \/>\n<meta name=\"twitter:card\" content=\"summary_large_image\" \/>\n<script type=\"application\/ld+json\" class=\"yoast-schema-graph\">{\"@context\":\"https:\/\/schema.org\",\"@graph\":[{\"@type\":\"WebPage\",\"@id\":\"https:\/\/www.wilislovakia.sk\/en\/hiking-in-the-high-tatras\/\",\"url\":\"https:\/\/www.wilislovakia.sk\/en\/hiking-in-the-high-tatras\/\",\"name\":\"Hiking in the High Tatras &#8211; Wili Slovakia\",\"isPartOf\":{\"@id\":\"https:\/\/www.wilislovakia.sk\/en\/#website\"},\"datePublished\":\"2024-07-18T10:48:22+00:00\",\"dateModified\":\"2024-10-09T12:42:21+00:00\",\"description\":\"PRIDE OF SLOVAKIA It is completely right to label High Tatras as the pride of Slovakia. Despite of its small surface area, the highest peak of The Carpathian Mountains and of Slovakia, Gerlachovsk\u00fd \u0160t\u00edt (2 655 m\",\"breadcrumb\":{\"@id\":\"https:\/\/www.wilislovakia.sk\/en\/hiking-in-the-high-tatras\/#breadcrumb\"},\"inLanguage\":\"en-US\",\"potentialAction\":[{\"@type\":\"ReadAction\",\"target\":[\"https:\/\/www.wilislovakia.sk\/en\/hiking-in-the-high-tatras\/\"]}]},{\"@type\":\"BreadcrumbList\",\"@id\":\"https:\/\/www.wilislovakia.sk\/en\/hiking-in-the-high-tatras\/#breadcrumb\",\"itemListElement\":[{\"@type\":\"ListItem\",\"position\":1,\"name\":\"Home\",\"item\":\"https:\/\/www.wilislovakia.sk\/en\/wili-slovakia\/\"},{\"@type\":\"ListItem\",\"position\":2,\"name\":\"Hiking in the High Tatras\"}]},{\"@type\":\"WebSite\",\"@id\":\"https:\/\/www.wilislovakia.sk\/en\/#website\",\"url\":\"https:\/\/www.wilislovakia.sk\/en\/\",\"name\":\"Wili Slovakia\",\"description\":\"Pr\u00ed\u010fte ako hostia, od\u00ed\u010fte ako na\u0161i priatelia.\",\"publisher\":{\"@id\":\"https:\/\/www.wilislovakia.sk\/en\/#organization\"},\"alternateName\":\"Wili Slovakia\",\"potentialAction\":[{\"@type\":\"SearchAction\",\"target\":{\"@type\":\"EntryPoint\",\"urlTemplate\":\"https:\/\/www.wilislovakia.sk\/en\/?s={search_term_string}\"},\"query-input\":\"required name=search_term_string\"}],\"inLanguage\":\"en-US\"},{\"@type\":\"Organization\",\"@id\":\"https:\/\/www.wilislovakia.sk\/en\/#organization\",\"name\":\"Wili Slovakia\",\"alternateName\":\"Wili Holding\",\"url\":\"https:\/\/www.wilislovakia.sk\/en\/\",\"logo\":{\"@type\":\"ImageObject\",\"inLanguage\":\"en-US\",\"@id\":\"https:\/\/www.wilislovakia.sk\/en\/#\/schema\/logo\/image\/\",\"url\":\"https:\/\/www.wilislovakia.sk\/wp-content\/uploads\/sites\/157\/2024\/09\/Logo_Wili_Slovakia_Transparent3.png\",\"contentUrl\":\"https:\/\/www.wilislovakia.sk\/wp-content\/uploads\/sites\/157\/2024\/09\/Logo_Wili_Slovakia_Transparent3.png\",\"width\":200,\"height\":42,\"caption\":\"Wili Slovakia\"},\"image\":{\"@id\":\"https:\/\/www.wilislovakia.sk\/en\/#\/schema\/logo\/image\/\"},\"sameAs\":[\"https:\/\/www.facebook.com\/wilislovakia\",\"https:\/\/www.instagram.com\/wilislovakia_vacation_rentals\/\"]}]}<\/script>\n<!-- \/ Yoast SEO plugin. -->","yoast_head_json":{"title":"Hiking in the High Tatras &#8211; Wili Slovakia","description":"PRIDE OF SLOVAKIA It is completely right to label High Tatras as the pride of Slovakia. Despite of its small surface area, the highest peak of The Carpathian Mountains and of Slovakia, Gerlachovsk\u00fd \u0160t\u00edt (2 655 m","robots":{"index":"index","follow":"follow","max-snippet":"max-snippet:-1","max-image-preview":"max-image-preview:large","max-video-preview":"max-video-preview:-1"},"canonical":"https:\/\/www.wilislovakia.sk\/en\/hiking-in-the-high-tatras\/","og_locale":"en_US","og_type":"article","og_title":"Hiking in the High Tatras &#8211; Wili Slovakia","og_description":"PRIDE OF SLOVAKIA It is completely right to label High Tatras as the pride of Slovakia. Despite of its small surface area, the highest peak of The Carpathian Mountains and of Slovakia, Gerlachovsk\u00fd \u0160t\u00edt (2 655 m","og_url":"https:\/\/www.wilislovakia.sk\/en\/hiking-in-the-high-tatras\/","og_site_name":"Wili Slovakia","article_publisher":"https:\/\/www.facebook.com\/wilislovakia","article_modified_time":"2024-10-09T12:42:21+00:00","og_image":[{"width":1800,"height":1200,"url":"https:\/\/www.wilislovakia.sk\/wp-content\/uploads\/sites\/157\/2024\/08\/Fotolia_69754459_Subscription_Monthly_M-copy.jpg","type":"image\/jpeg"}],"twitter_card":"summary_large_image","schema":{"@context":"https:\/\/schema.org","@graph":[{"@type":"WebPage","@id":"https:\/\/www.wilislovakia.sk\/en\/hiking-in-the-high-tatras\/","url":"https:\/\/www.wilislovakia.sk\/en\/hiking-in-the-high-tatras\/","name":"Hiking in the High Tatras &#8211; Wili Slovakia","isPartOf":{"@id":"https:\/\/www.wilislovakia.sk\/en\/#website"},"datePublished":"2024-07-18T10:48:22+00:00","dateModified":"2024-10-09T12:42:21+00:00","description":"PRIDE OF SLOVAKIA It is completely right to label High Tatras as the pride of Slovakia. Despite of its small surface area, the highest peak of The Carpathian Mountains and of Slovakia, Gerlachovsk\u00fd \u0160t\u00edt (2 655 m","breadcrumb":{"@id":"https:\/\/www.wilislovakia.sk\/en\/hiking-in-the-high-tatras\/#breadcrumb"},"inLanguage":"en-US","potentialAction":[{"@type":"ReadAction","target":["https:\/\/www.wilislovakia.sk\/en\/hiking-in-the-high-tatras\/"]}]},{"@type":"BreadcrumbList","@id":"https:\/\/www.wilislovakia.sk\/en\/hiking-in-the-high-tatras\/#breadcrumb","itemListElement":[{"@type":"ListItem","position":1,"name":"Home","item":"https:\/\/www.wilislovakia.sk\/en\/wili-slovakia\/"},{"@type":"ListItem","position":2,"name":"Hiking in the High Tatras"}]},{"@type":"WebSite","@id":"https:\/\/www.wilislovakia.sk\/en\/#website","url":"https:\/\/www.wilislovakia.sk\/en\/","name":"Wili Slovakia","description":"Pr\u00ed\u010fte ako hostia, od\u00ed\u010fte ako na\u0161i priatelia.","publisher":{"@id":"https:\/\/www.wilislovakia.sk\/en\/#organization"},"alternateName":"Wili Slovakia","potentialAction":[{"@type":"SearchAction","target":{"@type":"EntryPoint","urlTemplate":"https:\/\/www.wilislovakia.sk\/en\/?s={search_term_string}"},"query-input":"required name=search_term_string"}],"inLanguage":"en-US"},{"@type":"Organization","@id":"https:\/\/www.wilislovakia.sk\/en\/#organization","name":"Wili Slovakia","alternateName":"Wili Holding","url":"https:\/\/www.wilislovakia.sk\/en\/","logo":{"@type":"ImageObject","inLanguage":"en-US","@id":"https:\/\/www.wilislovakia.sk\/en\/#\/schema\/logo\/image\/","url":"https:\/\/www.wilislovakia.sk\/wp-content\/uploads\/sites\/157\/2024\/09\/Logo_Wili_Slovakia_Transparent3.png","contentUrl":"https:\/\/www.wilislovakia.sk\/wp-content\/uploads\/sites\/157\/2024\/09\/Logo_Wili_Slovakia_Transparent3.png","width":200,"height":42,"caption":"Wili Slovakia"},"image":{"@id":"https:\/\/www.wilislovakia.sk\/en\/#\/schema\/logo\/image\/"},"sameAs":["https:\/\/www.facebook.com\/wilislovakia","https:\/\/www.instagram.com\/wilislovakia_vacation_rentals\/"]}]}},"acf":[],"_links":{"self":[{"href":"https:\/\/www.wilislovakia.sk\/en\/wp-json\/wp\/v2\/pages\/382"}],"collection":[{"href":"https:\/\/www.wilislovakia.sk\/en\/wp-json\/wp\/v2\/pages"}],"about":[{"href":"https:\/\/www.wilislovakia.sk\/en\/wp-json\/wp\/v2\/types\/page"}],"author":[{"embeddable":true,"href":"https:\/\/www.wilislovakia.sk\/en\/wp-json\/wp\/v2\/users\/12"}],"replies":[{"embeddable":true,"href":"https:\/\/www.wilislovakia.sk\/en\/wp-json\/wp\/v2\/comments?post=382"}],"version-history":[{"count":0,"href":"https:\/\/www.wilislovakia.sk\/en\/wp-json\/wp\/v2\/pages\/382\/revisions"}],"wp:attachment":[{"href":"https:\/\/www.wilislovakia.sk\/en\/wp-json\/wp\/v2\/media?parent=382"}],"curies":[{"name":"wp","href":"https:\/\/api.w.org\/{rel}","templated":true}]}}