{"id":386,"date":"2024-07-18T15:08:13","date_gmt":"2024-07-18T15:08:13","guid":{"rendered":"https:\/\/wili-traty-apartments.ms2.decms.eu\/?page_id=386"},"modified":"2024-10-08T09:44:13","modified_gmt":"2024-10-08T09:44:13","slug":"vlkolinec","status":"publish","type":"page","link":"https:\/\/www.wilislovakia.sk\/en\/vlkolinec\/","title":{"rendered":"Vlkol\u00ednec"},"content":{"rendered":"<p>Vlkol\u00ednec is a living village that was declared a conservation area of folk architecture by the Slovak government in 1977, aiming to permanently protect the cultural values of this locality. As an intact settlement complex, it has a unique collection of houses that is unparalleled in Central Europe and was inscribed on the World Heritage List (the World Heritage Committee approved the inscription of Vlkol\u00ednec on December 11, 1993, in Cartagena, Colombia). The inscription confirms the exceptional and universal value of cultural or natural sites that require protection for the benefit of all humanity.<\/p>\n<p><strong>Vlkol\u00ednec is only a 15-minute drive from the WILI HUNTER chalets.<\/strong><\/p>\n<p>For more information, visit the official website <a href=\"https:\/\/www.vlkolinec.sk\/\">https:\/\/www.vlkolinec.sk\/<\/a>.<\/p>\n<p>The photographs come from the <a href=\"http:\/\/www.vlkolinec.sk\/vsk\/menu\/fotogaleria-video\/fotografie-vlkolinca\/leto\">website<\/a>.<\/p>\n","protected":false},"excerpt":{"rendered":"<p>Vlkol\u00ednec is a living village that was declared a conservation area of folk architecture by the Slovak government in 1977, aiming to permanently protect the cultural values of this locality. As an intact settlement complex, it has a unique collection of houses that is unparalleled in Central Europe and was inscribed on the World Heritage [&hellip;]<\/p>\n","protected":false},"author":12,"featured_media":0,"parent":0,"menu_order":1006,"comment_status":"closed","ping_status":"closed","template":"template-surroundings.php","meta":{"footnotes":""},"class_list":["post-386","page","type-page","status-publish","hentry"],"yoast_head":"<!-- This site is optimized with the Yoast SEO plugin v27.3 - https:\/\/yoast.com\/product\/yoast-seo-wordpress\/ -->\n<title>Vlkol\u00ednec &#8211; Wili Slovakia<\/title>\n<meta name=\"description\" content=\"Vlkol\u00ednec is a living village that was declared a conservation area of folk architecture by the Slovak government in 1977, aiming to permanently protect the cultural values of this locality. As an intact settlement complex, it has a unique collection of houses that is unparalleled in Central Europe and was inscribed on the World Heritage List (the World Heritage Committee approved the inscription of Vlkol\u00ednec on December 11, 1993, in Cartagena, Colombia)\" \/>\n<meta name=\"robots\" content=\"index, follow, max-snippet:-1, max-image-preview:large, max-video-preview:-1\" \/>\n<link rel=\"canonical\" href=\"https:\/\/www.wilislovakia.sk\/en\/vlkolinec\/\" \/>\n<meta property=\"og:locale\" content=\"en_US\" \/>\n<meta property=\"og:type\" content=\"article\" \/>\n<meta property=\"og:title\" content=\"Vlkol\u00ednec &#8211; Wili Slovakia\" \/>\n<meta property=\"og:description\" content=\"Vlkol\u00ednec is a living village that was declared a conservation area of folk architecture by the Slovak government in 1977, aiming to permanently protect the cultural values of this locality. As an intact settlement complex, it has a unique collection of houses that is unparalleled in Central Europe and was inscribed on the World Heritage List (the World Heritage Committee approved the inscription of Vlkol\u00ednec on December 11, 1993, in Cartagena, Colombia)\" \/>\n<meta property=\"og:url\" content=\"https:\/\/www.wilislovakia.sk\/en\/vlkolinec\/\" \/>\n<meta property=\"og:site_name\" content=\"Wili Slovakia\" \/>\n<meta property=\"article:publisher\" content=\"https:\/\/www.facebook.com\/wilislovakia\" \/>\n<meta property=\"article:modified_time\" content=\"2024-10-08T09:44:13+00:00\" \/>\n<meta property=\"og:image\" content=\"https:\/\/www.wilislovakia.sk\/wp-content\/uploads\/sites\/157\/2024\/08\/Fotolia_69754459_Subscription_Monthly_M-copy.jpg\" \/>\n\t<meta property=\"og:image:width\" content=\"1800\" \/>\n\t<meta property=\"og:image:height\" content=\"1200\" \/>\n\t<meta property=\"og:image:type\" content=\"image\/jpeg\" \/>\n<meta name=\"twitter:card\" content=\"summary_large_image\" \/>\n<script type=\"application\/ld+json\" class=\"yoast-schema-graph\">{\"@context\":\"https:\\\/\\\/schema.org\",\"@graph\":[{\"@type\":\"WebPage\",\"@id\":\"https:\\\/\\\/www.wilislovakia.sk\\\/en\\\/vlkolinec\\\/\",\"url\":\"https:\\\/\\\/www.wilislovakia.sk\\\/en\\\/vlkolinec\\\/\",\"name\":\"Vlkol\u00ednec &#8211; Wili Slovakia\",\"isPartOf\":{\"@id\":\"https:\\\/\\\/www.wilislovakia.sk\\\/en\\\/#website\"},\"datePublished\":\"2024-07-18T15:08:13+00:00\",\"dateModified\":\"2024-10-08T09:44:13+00:00\",\"description\":\"Vlkol\u00ednec is a living village that was declared a conservation area of folk architecture by the Slovak government in 1977, aiming to permanently protect the cultural values of this locality. As an intact settlement complex, it has a unique collection of houses that is unparalleled in Central Europe and was inscribed on the World Heritage List (the World Heritage Committee approved the inscription of Vlkol\u00ednec on December 11, 1993, in Cartagena, Colombia)\",\"breadcrumb\":{\"@id\":\"https:\\\/\\\/www.wilislovakia.sk\\\/en\\\/vlkolinec\\\/#breadcrumb\"},\"inLanguage\":\"en-US\",\"potentialAction\":[{\"@type\":\"ReadAction\",\"target\":[\"https:\\\/\\\/www.wilislovakia.sk\\\/en\\\/vlkolinec\\\/\"]}]},{\"@type\":\"BreadcrumbList\",\"@id\":\"https:\\\/\\\/www.wilislovakia.sk\\\/en\\\/vlkolinec\\\/#breadcrumb\",\"itemListElement\":[{\"@type\":\"ListItem\",\"position\":1,\"name\":\"Home\",\"item\":\"https:\\\/\\\/www.wilislovakia.sk\\\/en\\\/wili-slovakia\\\/\"},{\"@type\":\"ListItem\",\"position\":2,\"name\":\"Vlkol\u00ednec\"}]},{\"@type\":\"WebSite\",\"@id\":\"https:\\\/\\\/www.wilislovakia.sk\\\/en\\\/#website\",\"url\":\"https:\\\/\\\/www.wilislovakia.sk\\\/en\\\/\",\"name\":\"Wili Slovakia\",\"description\":\"Pr\u00ed\u010fte ako hostia, od\u00ed\u010fte ako na\u0161i priatelia.\",\"publisher\":{\"@id\":\"https:\\\/\\\/www.wilislovakia.sk\\\/en\\\/#organization\"},\"alternateName\":\"Wili Slovakia\",\"potentialAction\":[{\"@type\":\"SearchAction\",\"target\":{\"@type\":\"EntryPoint\",\"urlTemplate\":\"https:\\\/\\\/www.wilislovakia.sk\\\/en\\\/?s={search_term_string}\"},\"query-input\":{\"@type\":\"PropertyValueSpecification\",\"valueRequired\":true,\"valueName\":\"search_term_string\"}}],\"inLanguage\":\"en-US\"},{\"@type\":\"Organization\",\"@id\":\"https:\\\/\\\/www.wilislovakia.sk\\\/en\\\/#organization\",\"name\":\"Wili Slovakia\",\"alternateName\":\"Wili Holding\",\"url\":\"https:\\\/\\\/www.wilislovakia.sk\\\/en\\\/\",\"logo\":{\"@type\":\"ImageObject\",\"inLanguage\":\"en-US\",\"@id\":\"https:\\\/\\\/www.wilislovakia.sk\\\/en\\\/#\\\/schema\\\/logo\\\/image\\\/\",\"url\":\"https:\\\/\\\/www.wilislovakia.sk\\\/wp-content\\\/uploads\\\/sites\\\/157\\\/2024\\\/09\\\/Logo_Wili_Slovakia_Transparent3.png\",\"contentUrl\":\"https:\\\/\\\/www.wilislovakia.sk\\\/wp-content\\\/uploads\\\/sites\\\/157\\\/2024\\\/09\\\/Logo_Wili_Slovakia_Transparent3.png\",\"width\":200,\"height\":42,\"caption\":\"Wili Slovakia\"},\"image\":{\"@id\":\"https:\\\/\\\/www.wilislovakia.sk\\\/en\\\/#\\\/schema\\\/logo\\\/image\\\/\"},\"sameAs\":[\"https:\\\/\\\/www.facebook.com\\\/wilislovakia\",\"https:\\\/\\\/www.instagram.com\\\/wilislovakia_vacation_rentals\\\/\"]}]}<\/script>\n<!-- \/ Yoast SEO plugin. -->","yoast_head_json":{"title":"Vlkol\u00ednec &#8211; Wili Slovakia","description":"Vlkol\u00ednec is a living village that was declared a conservation area of folk architecture by the Slovak government in 1977, aiming to permanently protect the cultural values of this locality. As an intact settlement complex, it has a unique collection of houses that is unparalleled in Central Europe and was inscribed on the World Heritage List (the World Heritage Committee approved the inscription of Vlkol\u00ednec on December 11, 1993, in Cartagena, Colombia)","robots":{"index":"index","follow":"follow","max-snippet":"max-snippet:-1","max-image-preview":"max-image-preview:large","max-video-preview":"max-video-preview:-1"},"canonical":"https:\/\/www.wilislovakia.sk\/en\/vlkolinec\/","og_locale":"en_US","og_type":"article","og_title":"Vlkol\u00ednec &#8211; Wili Slovakia","og_description":"Vlkol\u00ednec is a living village that was declared a conservation area of folk architecture by the Slovak government in 1977, aiming to permanently protect the cultural values of this locality. As an intact settlement complex, it has a unique collection of houses that is unparalleled in Central Europe and was inscribed on the World Heritage List (the World Heritage Committee approved the inscription of Vlkol\u00ednec on December 11, 1993, in Cartagena, Colombia)","og_url":"https:\/\/www.wilislovakia.sk\/en\/vlkolinec\/","og_site_name":"Wili Slovakia","article_publisher":"https:\/\/www.facebook.com\/wilislovakia","article_modified_time":"2024-10-08T09:44:13+00:00","og_image":[{"width":1800,"height":1200,"url":"https:\/\/www.wilislovakia.sk\/wp-content\/uploads\/sites\/157\/2024\/08\/Fotolia_69754459_Subscription_Monthly_M-copy.jpg","type":"image\/jpeg"}],"twitter_card":"summary_large_image","schema":{"@context":"https:\/\/schema.org","@graph":[{"@type":"WebPage","@id":"https:\/\/www.wilislovakia.sk\/en\/vlkolinec\/","url":"https:\/\/www.wilislovakia.sk\/en\/vlkolinec\/","name":"Vlkol\u00ednec &#8211; Wili Slovakia","isPartOf":{"@id":"https:\/\/www.wilislovakia.sk\/en\/#website"},"datePublished":"2024-07-18T15:08:13+00:00","dateModified":"2024-10-08T09:44:13+00:00","description":"Vlkol\u00ednec is a living village that was declared a conservation area of folk architecture by the Slovak government in 1977, aiming to permanently protect the cultural values of this locality. As an intact settlement complex, it has a unique collection of houses that is unparalleled in Central Europe and was inscribed on the World Heritage List (the World Heritage Committee approved the inscription of Vlkol\u00ednec on December 11, 1993, in Cartagena, Colombia)","breadcrumb":{"@id":"https:\/\/www.wilislovakia.sk\/en\/vlkolinec\/#breadcrumb"},"inLanguage":"en-US","potentialAction":[{"@type":"ReadAction","target":["https:\/\/www.wilislovakia.sk\/en\/vlkolinec\/"]}]},{"@type":"BreadcrumbList","@id":"https:\/\/www.wilislovakia.sk\/en\/vlkolinec\/#breadcrumb","itemListElement":[{"@type":"ListItem","position":1,"name":"Home","item":"https:\/\/www.wilislovakia.sk\/en\/wili-slovakia\/"},{"@type":"ListItem","position":2,"name":"Vlkol\u00ednec"}]},{"@type":"WebSite","@id":"https:\/\/www.wilislovakia.sk\/en\/#website","url":"https:\/\/www.wilislovakia.sk\/en\/","name":"Wili Slovakia","description":"Pr\u00ed\u010fte ako hostia, od\u00ed\u010fte ako na\u0161i priatelia.","publisher":{"@id":"https:\/\/www.wilislovakia.sk\/en\/#organization"},"alternateName":"Wili Slovakia","potentialAction":[{"@type":"SearchAction","target":{"@type":"EntryPoint","urlTemplate":"https:\/\/www.wilislovakia.sk\/en\/?s={search_term_string}"},"query-input":{"@type":"PropertyValueSpecification","valueRequired":true,"valueName":"search_term_string"}}],"inLanguage":"en-US"},{"@type":"Organization","@id":"https:\/\/www.wilislovakia.sk\/en\/#organization","name":"Wili Slovakia","alternateName":"Wili Holding","url":"https:\/\/www.wilislovakia.sk\/en\/","logo":{"@type":"ImageObject","inLanguage":"en-US","@id":"https:\/\/www.wilislovakia.sk\/en\/#\/schema\/logo\/image\/","url":"https:\/\/www.wilislovakia.sk\/wp-content\/uploads\/sites\/157\/2024\/09\/Logo_Wili_Slovakia_Transparent3.png","contentUrl":"https:\/\/www.wilislovakia.sk\/wp-content\/uploads\/sites\/157\/2024\/09\/Logo_Wili_Slovakia_Transparent3.png","width":200,"height":42,"caption":"Wili Slovakia"},"image":{"@id":"https:\/\/www.wilislovakia.sk\/en\/#\/schema\/logo\/image\/"},"sameAs":["https:\/\/www.facebook.com\/wilislovakia","https:\/\/www.instagram.com\/wilislovakia_vacation_rentals\/"]}]}},"acf":[],"_links":{"self":[{"href":"https:\/\/www.wilislovakia.sk\/en\/wp-json\/wp\/v2\/pages\/386","targetHints":{"allow":["GET"]}}],"collection":[{"href":"https:\/\/www.wilislovakia.sk\/en\/wp-json\/wp\/v2\/pages"}],"about":[{"href":"https:\/\/www.wilislovakia.sk\/en\/wp-json\/wp\/v2\/types\/page"}],"author":[{"embeddable":true,"href":"https:\/\/www.wilislovakia.sk\/en\/wp-json\/wp\/v2\/users\/12"}],"replies":[{"embeddable":true,"href":"https:\/\/www.wilislovakia.sk\/en\/wp-json\/wp\/v2\/comments?post=386"}],"version-history":[{"count":0,"href":"https:\/\/www.wilislovakia.sk\/en\/wp-json\/wp\/v2\/pages\/386\/revisions"}],"wp:attachment":[{"href":"https:\/\/www.wilislovakia.sk\/en\/wp-json\/wp\/v2\/media?parent=386"}],"curies":[{"name":"wp","href":"https:\/\/api.w.org\/{rel}","templated":true}]}}