{"id":387,"date":"2024-07-18T14:56:09","date_gmt":"2024-07-18T14:56:09","guid":{"rendered":"https:\/\/wili-traty-apartments.ms2.decms.eu\/?page_id=387"},"modified":"2024-10-08T09:47:43","modified_gmt":"2024-10-08T09:47:43","slug":"ferrata","status":"publish","type":"page","link":"https:\/\/www.wilislovakia.sk\/en\/ferrata\/","title":{"rendered":"Ferrata"},"content":{"rendered":"<p>In Liptovsk\u00e9 Rev\u00face, you can find the youngest Slovak ferrata, <strong>Dve ve\u017ee<\/strong> (Two Towers).<\/p>\n<p>This is a ferrata park where you can try out 9 different routes ranging in difficulty from B to D. The routes are set among three rock towers\u2014two larger ones and one smaller one\u2014which are interconnected by rope bridges.<\/p>\n<ul>\n<li>You can reach the ferratas from the parking lot near the football field close to Ni\u017en\u00e1 Rev\u00faca in just 10 minutes.<\/li>\n<li>Entry to the ferrata is free of charge.<\/li>\n<li>You can rent a ferrata set at Gothal in Liptovsk\u00e1 Osada for \u20ac10 per day.<\/li>\n<li>The routes are accessible from June 15 to January 31.<\/li>\n<\/ul>\n","protected":false},"excerpt":{"rendered":"<p>In Liptovsk\u00e9 Rev\u00face, you can find the youngest Slovak ferrata, Dve ve\u017ee (Two Towers). This is a ferrata park where you can try out 9 different routes ranging in difficulty from B to D. The routes are set among three rock towers\u2014two larger ones and one smaller one\u2014which are interconnected by rope bridges. You can [&hellip;]<\/p>\n","protected":false},"author":12,"featured_media":0,"parent":0,"menu_order":1007,"comment_status":"closed","ping_status":"closed","template":"template-surroundings.php","meta":{"footnotes":""},"class_list":["post-387","page","type-page","status-publish","hentry"],"yoast_head":"<!-- This site is optimized with the Yoast SEO plugin v27.3 - https:\/\/yoast.com\/product\/yoast-seo-wordpress\/ -->\n<title>Ferrata &#8211; Wili Slovakia<\/title>\n<meta name=\"description\" content=\"In Liptovsk\u00e9 Rev\u00face, you can find the youngest Slovak ferrata, Dve ve\u017ee (Two Towers).  This is a ferrata park where you can try out 9 different routes ranging in difficulty from B to D. The routes are set among three rock towers\u2014two larger ones and one smaller one\u2014which are interconnected by rope bridges.   You can reach the ferratas from the parking lot near the football field close to Ni\u017en\u00e1 Rev\u00faca in just 10 minutes.  Entry to the ferrata is free of charge.  You can rent a ferrata set at Gothal in Liptovsk\u00e1 Osada for \u20ac10 per day.  The routes are accessible from June 15 to January 31.\" \/>\n<meta name=\"robots\" content=\"index, follow, max-snippet:-1, max-image-preview:large, max-video-preview:-1\" \/>\n<link rel=\"canonical\" href=\"https:\/\/www.wilislovakia.sk\/en\/ferrata\/\" \/>\n<meta property=\"og:locale\" content=\"en_US\" \/>\n<meta property=\"og:type\" content=\"article\" \/>\n<meta property=\"og:title\" content=\"Ferrata &#8211; Wili Slovakia\" \/>\n<meta property=\"og:description\" content=\"In Liptovsk\u00e9 Rev\u00face, you can find the youngest Slovak ferrata, Dve ve\u017ee (Two Towers).  This is a ferrata park where you can try out 9 different routes ranging in difficulty from B to D. The routes are set among three rock towers\u2014two larger ones and one smaller one\u2014which are interconnected by rope bridges.   You can reach the ferratas from the parking lot near the football field close to Ni\u017en\u00e1 Rev\u00faca in just 10 minutes.  Entry to the ferrata is free of charge.  You can rent a ferrata set at Gothal in Liptovsk\u00e1 Osada for \u20ac10 per day.  The routes are accessible from June 15 to January 31.\" \/>\n<meta property=\"og:url\" content=\"https:\/\/www.wilislovakia.sk\/en\/ferrata\/\" \/>\n<meta property=\"og:site_name\" content=\"Wili Slovakia\" \/>\n<meta property=\"article:publisher\" content=\"https:\/\/www.facebook.com\/wilislovakia\" \/>\n<meta property=\"article:modified_time\" content=\"2024-10-08T09:47:43+00:00\" \/>\n<meta property=\"og:image\" content=\"https:\/\/www.wilislovakia.sk\/wp-content\/uploads\/sites\/157\/2024\/08\/Fotolia_69754459_Subscription_Monthly_M-copy.jpg\" \/>\n\t<meta property=\"og:image:width\" content=\"1800\" \/>\n\t<meta property=\"og:image:height\" content=\"1200\" \/>\n\t<meta property=\"og:image:type\" content=\"image\/jpeg\" \/>\n<meta name=\"twitter:card\" content=\"summary_large_image\" \/>\n<script type=\"application\/ld+json\" class=\"yoast-schema-graph\">{\"@context\":\"https:\\\/\\\/schema.org\",\"@graph\":[{\"@type\":\"WebPage\",\"@id\":\"https:\\\/\\\/www.wilislovakia.sk\\\/en\\\/ferrata\\\/\",\"url\":\"https:\\\/\\\/www.wilislovakia.sk\\\/en\\\/ferrata\\\/\",\"name\":\"Ferrata &#8211; Wili Slovakia\",\"isPartOf\":{\"@id\":\"https:\\\/\\\/www.wilislovakia.sk\\\/en\\\/#website\"},\"datePublished\":\"2024-07-18T14:56:09+00:00\",\"dateModified\":\"2024-10-08T09:47:43+00:00\",\"description\":\"In Liptovsk\u00e9 Rev\u00face, you can find the youngest Slovak ferrata, Dve ve\u017ee (Two Towers). This is a ferrata park where you can try out 9 different routes ranging in difficulty from B to D. The routes are set among three rock towers\u2014two larger ones and one smaller one\u2014which are interconnected by rope bridges. \u2022 You can reach the ferratas from the parking lot near the football field close to Ni\u017en\u00e1 Rev\u00faca in just 10 minutes. \u2022 Entry to the ferrata is free of charge. \u2022 You can rent a ferrata set at Gothal in Liptovsk\u00e1 Osada for \u20ac10 per day. \u2022 The routes are accessible from June 15 to January 31.\",\"breadcrumb\":{\"@id\":\"https:\\\/\\\/www.wilislovakia.sk\\\/en\\\/ferrata\\\/#breadcrumb\"},\"inLanguage\":\"en-US\",\"potentialAction\":[{\"@type\":\"ReadAction\",\"target\":[\"https:\\\/\\\/www.wilislovakia.sk\\\/en\\\/ferrata\\\/\"]}]},{\"@type\":\"BreadcrumbList\",\"@id\":\"https:\\\/\\\/www.wilislovakia.sk\\\/en\\\/ferrata\\\/#breadcrumb\",\"itemListElement\":[{\"@type\":\"ListItem\",\"position\":1,\"name\":\"Home\",\"item\":\"https:\\\/\\\/www.wilislovakia.sk\\\/en\\\/wili-slovakia\\\/\"},{\"@type\":\"ListItem\",\"position\":2,\"name\":\"Ferrata\"}]},{\"@type\":\"WebSite\",\"@id\":\"https:\\\/\\\/www.wilislovakia.sk\\\/en\\\/#website\",\"url\":\"https:\\\/\\\/www.wilislovakia.sk\\\/en\\\/\",\"name\":\"Wili Slovakia\",\"description\":\"Pr\u00ed\u010fte ako hostia, od\u00ed\u010fte ako na\u0161i priatelia.\",\"publisher\":{\"@id\":\"https:\\\/\\\/www.wilislovakia.sk\\\/en\\\/#organization\"},\"alternateName\":\"Wili Slovakia\",\"potentialAction\":[{\"@type\":\"SearchAction\",\"target\":{\"@type\":\"EntryPoint\",\"urlTemplate\":\"https:\\\/\\\/www.wilislovakia.sk\\\/en\\\/?s={search_term_string}\"},\"query-input\":{\"@type\":\"PropertyValueSpecification\",\"valueRequired\":true,\"valueName\":\"search_term_string\"}}],\"inLanguage\":\"en-US\"},{\"@type\":\"Organization\",\"@id\":\"https:\\\/\\\/www.wilislovakia.sk\\\/en\\\/#organization\",\"name\":\"Wili Slovakia\",\"alternateName\":\"Wili Holding\",\"url\":\"https:\\\/\\\/www.wilislovakia.sk\\\/en\\\/\",\"logo\":{\"@type\":\"ImageObject\",\"inLanguage\":\"en-US\",\"@id\":\"https:\\\/\\\/www.wilislovakia.sk\\\/en\\\/#\\\/schema\\\/logo\\\/image\\\/\",\"url\":\"https:\\\/\\\/www.wilislovakia.sk\\\/wp-content\\\/uploads\\\/sites\\\/157\\\/2024\\\/09\\\/Logo_Wili_Slovakia_Transparent3.png\",\"contentUrl\":\"https:\\\/\\\/www.wilislovakia.sk\\\/wp-content\\\/uploads\\\/sites\\\/157\\\/2024\\\/09\\\/Logo_Wili_Slovakia_Transparent3.png\",\"width\":200,\"height\":42,\"caption\":\"Wili Slovakia\"},\"image\":{\"@id\":\"https:\\\/\\\/www.wilislovakia.sk\\\/en\\\/#\\\/schema\\\/logo\\\/image\\\/\"},\"sameAs\":[\"https:\\\/\\\/www.facebook.com\\\/wilislovakia\",\"https:\\\/\\\/www.instagram.com\\\/wilislovakia_vacation_rentals\\\/\"]}]}<\/script>\n<!-- \/ Yoast SEO plugin. -->","yoast_head_json":{"title":"Ferrata &#8211; Wili Slovakia","description":"In Liptovsk\u00e9 Rev\u00face, you can find the youngest Slovak ferrata, Dve ve\u017ee (Two Towers).  This is a ferrata park where you can try out 9 different routes ranging in difficulty from B to D. The routes are set among three rock towers\u2014two larger ones and one smaller one\u2014which are interconnected by rope bridges.   You can reach the ferratas from the parking lot near the football field close to Ni\u017en\u00e1 Rev\u00faca in just 10 minutes.  Entry to the ferrata is free of charge.  You can rent a ferrata set at Gothal in Liptovsk\u00e1 Osada for \u20ac10 per day.  The routes are accessible from June 15 to January 31.","robots":{"index":"index","follow":"follow","max-snippet":"max-snippet:-1","max-image-preview":"max-image-preview:large","max-video-preview":"max-video-preview:-1"},"canonical":"https:\/\/www.wilislovakia.sk\/en\/ferrata\/","og_locale":"en_US","og_type":"article","og_title":"Ferrata &#8211; Wili Slovakia","og_description":"In Liptovsk\u00e9 Rev\u00face, you can find the youngest Slovak ferrata, Dve ve\u017ee (Two Towers).  This is a ferrata park where you can try out 9 different routes ranging in difficulty from B to D. The routes are set among three rock towers\u2014two larger ones and one smaller one\u2014which are interconnected by rope bridges.   You can reach the ferratas from the parking lot near the football field close to Ni\u017en\u00e1 Rev\u00faca in just 10 minutes.  Entry to the ferrata is free of charge.  You can rent a ferrata set at Gothal in Liptovsk\u00e1 Osada for \u20ac10 per day.  The routes are accessible from June 15 to January 31.","og_url":"https:\/\/www.wilislovakia.sk\/en\/ferrata\/","og_site_name":"Wili Slovakia","article_publisher":"https:\/\/www.facebook.com\/wilislovakia","article_modified_time":"2024-10-08T09:47:43+00:00","og_image":[{"width":1800,"height":1200,"url":"https:\/\/www.wilislovakia.sk\/wp-content\/uploads\/sites\/157\/2024\/08\/Fotolia_69754459_Subscription_Monthly_M-copy.jpg","type":"image\/jpeg"}],"twitter_card":"summary_large_image","schema":{"@context":"https:\/\/schema.org","@graph":[{"@type":"WebPage","@id":"https:\/\/www.wilislovakia.sk\/en\/ferrata\/","url":"https:\/\/www.wilislovakia.sk\/en\/ferrata\/","name":"Ferrata &#8211; Wili Slovakia","isPartOf":{"@id":"https:\/\/www.wilislovakia.sk\/en\/#website"},"datePublished":"2024-07-18T14:56:09+00:00","dateModified":"2024-10-08T09:47:43+00:00","description":"In Liptovsk\u00e9 Rev\u00face, you can find the youngest Slovak ferrata, Dve ve\u017ee (Two Towers). This is a ferrata park where you can try out 9 different routes ranging in difficulty from B to D. The routes are set among three rock towers\u2014two larger ones and one smaller one\u2014which are interconnected by rope bridges. \u2022 You can reach the ferratas from the parking lot near the football field close to Ni\u017en\u00e1 Rev\u00faca in just 10 minutes. \u2022 Entry to the ferrata is free of charge. \u2022 You can rent a ferrata set at Gothal in Liptovsk\u00e1 Osada for \u20ac10 per day. \u2022 The routes are accessible from June 15 to January 31.","breadcrumb":{"@id":"https:\/\/www.wilislovakia.sk\/en\/ferrata\/#breadcrumb"},"inLanguage":"en-US","potentialAction":[{"@type":"ReadAction","target":["https:\/\/www.wilislovakia.sk\/en\/ferrata\/"]}]},{"@type":"BreadcrumbList","@id":"https:\/\/www.wilislovakia.sk\/en\/ferrata\/#breadcrumb","itemListElement":[{"@type":"ListItem","position":1,"name":"Home","item":"https:\/\/www.wilislovakia.sk\/en\/wili-slovakia\/"},{"@type":"ListItem","position":2,"name":"Ferrata"}]},{"@type":"WebSite","@id":"https:\/\/www.wilislovakia.sk\/en\/#website","url":"https:\/\/www.wilislovakia.sk\/en\/","name":"Wili Slovakia","description":"Pr\u00ed\u010fte ako hostia, od\u00ed\u010fte ako na\u0161i priatelia.","publisher":{"@id":"https:\/\/www.wilislovakia.sk\/en\/#organization"},"alternateName":"Wili Slovakia","potentialAction":[{"@type":"SearchAction","target":{"@type":"EntryPoint","urlTemplate":"https:\/\/www.wilislovakia.sk\/en\/?s={search_term_string}"},"query-input":{"@type":"PropertyValueSpecification","valueRequired":true,"valueName":"search_term_string"}}],"inLanguage":"en-US"},{"@type":"Organization","@id":"https:\/\/www.wilislovakia.sk\/en\/#organization","name":"Wili Slovakia","alternateName":"Wili Holding","url":"https:\/\/www.wilislovakia.sk\/en\/","logo":{"@type":"ImageObject","inLanguage":"en-US","@id":"https:\/\/www.wilislovakia.sk\/en\/#\/schema\/logo\/image\/","url":"https:\/\/www.wilislovakia.sk\/wp-content\/uploads\/sites\/157\/2024\/09\/Logo_Wili_Slovakia_Transparent3.png","contentUrl":"https:\/\/www.wilislovakia.sk\/wp-content\/uploads\/sites\/157\/2024\/09\/Logo_Wili_Slovakia_Transparent3.png","width":200,"height":42,"caption":"Wili Slovakia"},"image":{"@id":"https:\/\/www.wilislovakia.sk\/en\/#\/schema\/logo\/image\/"},"sameAs":["https:\/\/www.facebook.com\/wilislovakia","https:\/\/www.instagram.com\/wilislovakia_vacation_rentals\/"]}]}},"acf":[],"_links":{"self":[{"href":"https:\/\/www.wilislovakia.sk\/en\/wp-json\/wp\/v2\/pages\/387","targetHints":{"allow":["GET"]}}],"collection":[{"href":"https:\/\/www.wilislovakia.sk\/en\/wp-json\/wp\/v2\/pages"}],"about":[{"href":"https:\/\/www.wilislovakia.sk\/en\/wp-json\/wp\/v2\/types\/page"}],"author":[{"embeddable":true,"href":"https:\/\/www.wilislovakia.sk\/en\/wp-json\/wp\/v2\/users\/12"}],"replies":[{"embeddable":true,"href":"https:\/\/www.wilislovakia.sk\/en\/wp-json\/wp\/v2\/comments?post=387"}],"version-history":[{"count":0,"href":"https:\/\/www.wilislovakia.sk\/en\/wp-json\/wp\/v2\/pages\/387\/revisions"}],"wp:attachment":[{"href":"https:\/\/www.wilislovakia.sk\/en\/wp-json\/wp\/v2\/media?parent=387"}],"curies":[{"name":"wp","href":"https:\/\/api.w.org\/{rel}","templated":true}]}}