{"id":388,"date":"2024-07-18T15:24:59","date_gmt":"2024-07-18T15:24:59","guid":{"rendered":"https:\/\/wili-traty-apartments.ms2.decms.eu\/?page_id=388"},"modified":"2024-10-08T09:52:25","modified_gmt":"2024-10-08T09:52:25","slug":"aquapark","status":"publish","type":"page","link":"https:\/\/www.wilislovakia.sk\/en\/aquapark\/","title":{"rendered":"Aquapark"},"content":{"rendered":"<h3>AquaCity Poprad<\/h3>\n<p>An ecological center located right beneath the High Tatras, featuring a water paradise, thermal pools, a wellness area, cryotherapy, and other attractions. Relax in a pleasant wellness environment after demanding hikes or skiing.<\/p>\n<p><a href=\"https:\/\/goo.gl\/maps\/3ywSraGgAvA5mPiW7\" target=\"_new\" rel=\"noopener\">View on map<\/a><\/p>\n<p>&nbsp;<\/p>\n<h3>Gino Paradise Be\u0161e\u0148ov\u00e1<\/h3>\n<p>Gino Paradise Be\u0161e\u0148ov\u00e1 offers a wide range of outdoor and indoor pools, water attractions, restaurants, and a cozy wellness &amp; spa center. The water in the aquapark comes from hot springs at a depth of 1,987 meters, with a temperature of 60.5\u00b0C.<\/p>\n<p>The healing water helps with the musculoskeletal and respiratory systems, has beneficial cosmetic effects, and positively affects mental health due to the presence of lithium.<\/p>\n<p><a href=\"https:\/\/goo.gl\/maps\/1aoqJfBGWf7B42sL9\" target=\"_new\" rel=\"noopener\">View on map<\/a><\/p>\n<p>&nbsp;<\/p>\n<h3>Tatralandia<\/h3>\n<p>Tatralandia Aquapark features 14 pools (of which 9 are open year-round) with salty, thermal, and clear water, reaching temperatures up to 36\u00b0C. Both children and adults can enjoy fun and relaxation in every season. Additionally, various attractions are available, such as Superfly, a fun park, and especially a wellness center or Celtic sauna world.<\/p>\n<p>The water in Tatralandia has a beneficial effect on the musculoskeletal and respiratory systems due to its composition. In the seawater pools at Tropical Paradise, you can enjoy the healing effects of thalassotherapy (sea treatment) throughout the year in Liptov.<\/p>\n<p><a href=\"https:\/\/www.google.com\/maps\/place\/Aquapark+Tatralandia\/@49.106769,19.569971,3a,75y,351.96h,90t\/data=!3m5!1e1!3m3!1sjna5eupBtQVbVEzKcVMJUQ!2e0!3e5!4m2!3m1!1s0x471598959a9c0eab:0xc61b6d2cae7f33fd?hl=cs\" target=\"_new\" rel=\"noopener\">Take a walk around Tatralandia aquapark<\/a><\/p>\n","protected":false},"excerpt":{"rendered":"<p>AquaCity Poprad An ecological center located right beneath the High Tatras, featuring a water paradise, thermal pools, a wellness area, cryotherapy, and other attractions. Relax in a pleasant wellness environment after demanding hikes or skiing. View on map &nbsp; Gino Paradise Be\u0161e\u0148ov\u00e1 Gino Paradise Be\u0161e\u0148ov\u00e1 offers a wide range of outdoor and indoor pools, water [&hellip;]<\/p>\n","protected":false},"author":12,"featured_media":0,"parent":0,"menu_order":1010,"comment_status":"closed","ping_status":"closed","template":"template-surroundings.php","meta":{"footnotes":""},"class_list":["post-388","page","type-page","status-publish","hentry"],"yoast_head":"<!-- This site is optimized with the Yoast SEO plugin v27.3 - https:\/\/yoast.com\/product\/yoast-seo-wordpress\/ -->\n<title>Aquapark &#8211; Wili Slovakia<\/title>\n<meta name=\"description\" content=\"AquaCity Poprad An ecological center located right beneath the High Tatras, featuring a water paradise, thermal pools, a wellness area, cryotherapy, and other attractions. Relax in a pleasant wellness environment after demanding hikes or skiing.  View on map  &nbsp; Gino Paradise Be\u0161e\u0148ov\u00e1 Gino Paradise Be\u0161e\u0148ov\u00e1 offers a wide range of outdoor and indoor pools, water attractions, restaurants, and a cozy wellness &amp; spa center\" \/>\n<meta name=\"robots\" content=\"index, follow, max-snippet:-1, max-image-preview:large, max-video-preview:-1\" \/>\n<link rel=\"canonical\" href=\"https:\/\/www.wilislovakia.sk\/en\/aquapark\/\" \/>\n<meta property=\"og:locale\" content=\"en_US\" \/>\n<meta property=\"og:type\" content=\"article\" \/>\n<meta property=\"og:title\" content=\"Aquapark &#8211; Wili Slovakia\" \/>\n<meta property=\"og:description\" content=\"AquaCity Poprad An ecological center located right beneath the High Tatras, featuring a water paradise, thermal pools, a wellness area, cryotherapy, and other attractions. Relax in a pleasant wellness environment after demanding hikes or skiing.  View on map  &nbsp; Gino Paradise Be\u0161e\u0148ov\u00e1 Gino Paradise Be\u0161e\u0148ov\u00e1 offers a wide range of outdoor and indoor pools, water attractions, restaurants, and a cozy wellness &amp; spa center\" \/>\n<meta property=\"og:url\" content=\"https:\/\/www.wilislovakia.sk\/en\/aquapark\/\" \/>\n<meta property=\"og:site_name\" content=\"Wili Slovakia\" \/>\n<meta property=\"article:publisher\" content=\"https:\/\/www.facebook.com\/wilislovakia\" \/>\n<meta property=\"article:modified_time\" content=\"2024-10-08T09:52:25+00:00\" \/>\n<meta property=\"og:image\" content=\"https:\/\/www.wilislovakia.sk\/wp-content\/uploads\/sites\/157\/2024\/08\/Fotolia_69754459_Subscription_Monthly_M-copy.jpg\" \/>\n\t<meta property=\"og:image:width\" content=\"1800\" \/>\n\t<meta property=\"og:image:height\" content=\"1200\" \/>\n\t<meta property=\"og:image:type\" content=\"image\/jpeg\" \/>\n<meta name=\"twitter:card\" content=\"summary_large_image\" \/>\n<script type=\"application\/ld+json\" class=\"yoast-schema-graph\">{\"@context\":\"https:\\\/\\\/schema.org\",\"@graph\":[{\"@type\":\"WebPage\",\"@id\":\"https:\\\/\\\/www.wilislovakia.sk\\\/en\\\/aquapark\\\/\",\"url\":\"https:\\\/\\\/www.wilislovakia.sk\\\/en\\\/aquapark\\\/\",\"name\":\"Aquapark &#8211; Wili Slovakia\",\"isPartOf\":{\"@id\":\"https:\\\/\\\/www.wilislovakia.sk\\\/en\\\/#website\"},\"datePublished\":\"2024-07-18T15:24:59+00:00\",\"dateModified\":\"2024-10-08T09:52:25+00:00\",\"description\":\"AquaCity Poprad An ecological center located right beneath the High Tatras, featuring a water paradise, thermal pools, a wellness area, cryotherapy, and other attractions. Relax in a pleasant wellness environment after demanding hikes or skiing. View on map &nbsp; Gino Paradise Be\u0161e\u0148ov\u00e1 Gino Paradise Be\u0161e\u0148ov\u00e1 offers a wide range of outdoor and indoor pools, water attractions, restaurants, and a cozy wellness &amp; spa center\",\"breadcrumb\":{\"@id\":\"https:\\\/\\\/www.wilislovakia.sk\\\/en\\\/aquapark\\\/#breadcrumb\"},\"inLanguage\":\"en-US\",\"potentialAction\":[{\"@type\":\"ReadAction\",\"target\":[\"https:\\\/\\\/www.wilislovakia.sk\\\/en\\\/aquapark\\\/\"]}]},{\"@type\":\"BreadcrumbList\",\"@id\":\"https:\\\/\\\/www.wilislovakia.sk\\\/en\\\/aquapark\\\/#breadcrumb\",\"itemListElement\":[{\"@type\":\"ListItem\",\"position\":1,\"name\":\"Home\",\"item\":\"https:\\\/\\\/www.wilislovakia.sk\\\/en\\\/wili-slovakia\\\/\"},{\"@type\":\"ListItem\",\"position\":2,\"name\":\"Aquapark\"}]},{\"@type\":\"WebSite\",\"@id\":\"https:\\\/\\\/www.wilislovakia.sk\\\/en\\\/#website\",\"url\":\"https:\\\/\\\/www.wilislovakia.sk\\\/en\\\/\",\"name\":\"Wili Slovakia\",\"description\":\"Pr\u00ed\u010fte ako hostia, od\u00ed\u010fte ako na\u0161i priatelia.\",\"publisher\":{\"@id\":\"https:\\\/\\\/www.wilislovakia.sk\\\/en\\\/#organization\"},\"alternateName\":\"Wili Slovakia\",\"potentialAction\":[{\"@type\":\"SearchAction\",\"target\":{\"@type\":\"EntryPoint\",\"urlTemplate\":\"https:\\\/\\\/www.wilislovakia.sk\\\/en\\\/?s={search_term_string}\"},\"query-input\":{\"@type\":\"PropertyValueSpecification\",\"valueRequired\":true,\"valueName\":\"search_term_string\"}}],\"inLanguage\":\"en-US\"},{\"@type\":\"Organization\",\"@id\":\"https:\\\/\\\/www.wilislovakia.sk\\\/en\\\/#organization\",\"name\":\"Wili Slovakia\",\"alternateName\":\"Wili Holding\",\"url\":\"https:\\\/\\\/www.wilislovakia.sk\\\/en\\\/\",\"logo\":{\"@type\":\"ImageObject\",\"inLanguage\":\"en-US\",\"@id\":\"https:\\\/\\\/www.wilislovakia.sk\\\/en\\\/#\\\/schema\\\/logo\\\/image\\\/\",\"url\":\"https:\\\/\\\/www.wilislovakia.sk\\\/wp-content\\\/uploads\\\/sites\\\/157\\\/2024\\\/09\\\/Logo_Wili_Slovakia_Transparent3.png\",\"contentUrl\":\"https:\\\/\\\/www.wilislovakia.sk\\\/wp-content\\\/uploads\\\/sites\\\/157\\\/2024\\\/09\\\/Logo_Wili_Slovakia_Transparent3.png\",\"width\":200,\"height\":42,\"caption\":\"Wili Slovakia\"},\"image\":{\"@id\":\"https:\\\/\\\/www.wilislovakia.sk\\\/en\\\/#\\\/schema\\\/logo\\\/image\\\/\"},\"sameAs\":[\"https:\\\/\\\/www.facebook.com\\\/wilislovakia\",\"https:\\\/\\\/www.instagram.com\\\/wilislovakia_vacation_rentals\\\/\"]}]}<\/script>\n<!-- \/ Yoast SEO plugin. -->","yoast_head_json":{"title":"Aquapark &#8211; Wili Slovakia","description":"AquaCity Poprad An ecological center located right beneath the High Tatras, featuring a water paradise, thermal pools, a wellness area, cryotherapy, and other attractions. Relax in a pleasant wellness environment after demanding hikes or skiing.  View on map  &nbsp; Gino Paradise Be\u0161e\u0148ov\u00e1 Gino Paradise Be\u0161e\u0148ov\u00e1 offers a wide range of outdoor and indoor pools, water attractions, restaurants, and a cozy wellness &amp; spa center","robots":{"index":"index","follow":"follow","max-snippet":"max-snippet:-1","max-image-preview":"max-image-preview:large","max-video-preview":"max-video-preview:-1"},"canonical":"https:\/\/www.wilislovakia.sk\/en\/aquapark\/","og_locale":"en_US","og_type":"article","og_title":"Aquapark &#8211; Wili Slovakia","og_description":"AquaCity Poprad An ecological center located right beneath the High Tatras, featuring a water paradise, thermal pools, a wellness area, cryotherapy, and other attractions. Relax in a pleasant wellness environment after demanding hikes or skiing.  View on map  &nbsp; Gino Paradise Be\u0161e\u0148ov\u00e1 Gino Paradise Be\u0161e\u0148ov\u00e1 offers a wide range of outdoor and indoor pools, water attractions, restaurants, and a cozy wellness &amp; spa center","og_url":"https:\/\/www.wilislovakia.sk\/en\/aquapark\/","og_site_name":"Wili Slovakia","article_publisher":"https:\/\/www.facebook.com\/wilislovakia","article_modified_time":"2024-10-08T09:52:25+00:00","og_image":[{"width":1800,"height":1200,"url":"https:\/\/www.wilislovakia.sk\/wp-content\/uploads\/sites\/157\/2024\/08\/Fotolia_69754459_Subscription_Monthly_M-copy.jpg","type":"image\/jpeg"}],"twitter_card":"summary_large_image","schema":{"@context":"https:\/\/schema.org","@graph":[{"@type":"WebPage","@id":"https:\/\/www.wilislovakia.sk\/en\/aquapark\/","url":"https:\/\/www.wilislovakia.sk\/en\/aquapark\/","name":"Aquapark &#8211; Wili Slovakia","isPartOf":{"@id":"https:\/\/www.wilislovakia.sk\/en\/#website"},"datePublished":"2024-07-18T15:24:59+00:00","dateModified":"2024-10-08T09:52:25+00:00","description":"AquaCity Poprad An ecological center located right beneath the High Tatras, featuring a water paradise, thermal pools, a wellness area, cryotherapy, and other attractions. Relax in a pleasant wellness environment after demanding hikes or skiing. View on map &nbsp; Gino Paradise Be\u0161e\u0148ov\u00e1 Gino Paradise Be\u0161e\u0148ov\u00e1 offers a wide range of outdoor and indoor pools, water attractions, restaurants, and a cozy wellness &amp; spa center","breadcrumb":{"@id":"https:\/\/www.wilislovakia.sk\/en\/aquapark\/#breadcrumb"},"inLanguage":"en-US","potentialAction":[{"@type":"ReadAction","target":["https:\/\/www.wilislovakia.sk\/en\/aquapark\/"]}]},{"@type":"BreadcrumbList","@id":"https:\/\/www.wilislovakia.sk\/en\/aquapark\/#breadcrumb","itemListElement":[{"@type":"ListItem","position":1,"name":"Home","item":"https:\/\/www.wilislovakia.sk\/en\/wili-slovakia\/"},{"@type":"ListItem","position":2,"name":"Aquapark"}]},{"@type":"WebSite","@id":"https:\/\/www.wilislovakia.sk\/en\/#website","url":"https:\/\/www.wilislovakia.sk\/en\/","name":"Wili Slovakia","description":"Pr\u00ed\u010fte ako hostia, od\u00ed\u010fte ako na\u0161i priatelia.","publisher":{"@id":"https:\/\/www.wilislovakia.sk\/en\/#organization"},"alternateName":"Wili Slovakia","potentialAction":[{"@type":"SearchAction","target":{"@type":"EntryPoint","urlTemplate":"https:\/\/www.wilislovakia.sk\/en\/?s={search_term_string}"},"query-input":{"@type":"PropertyValueSpecification","valueRequired":true,"valueName":"search_term_string"}}],"inLanguage":"en-US"},{"@type":"Organization","@id":"https:\/\/www.wilislovakia.sk\/en\/#organization","name":"Wili Slovakia","alternateName":"Wili Holding","url":"https:\/\/www.wilislovakia.sk\/en\/","logo":{"@type":"ImageObject","inLanguage":"en-US","@id":"https:\/\/www.wilislovakia.sk\/en\/#\/schema\/logo\/image\/","url":"https:\/\/www.wilislovakia.sk\/wp-content\/uploads\/sites\/157\/2024\/09\/Logo_Wili_Slovakia_Transparent3.png","contentUrl":"https:\/\/www.wilislovakia.sk\/wp-content\/uploads\/sites\/157\/2024\/09\/Logo_Wili_Slovakia_Transparent3.png","width":200,"height":42,"caption":"Wili Slovakia"},"image":{"@id":"https:\/\/www.wilislovakia.sk\/en\/#\/schema\/logo\/image\/"},"sameAs":["https:\/\/www.facebook.com\/wilislovakia","https:\/\/www.instagram.com\/wilislovakia_vacation_rentals\/"]}]}},"acf":[],"_links":{"self":[{"href":"https:\/\/www.wilislovakia.sk\/en\/wp-json\/wp\/v2\/pages\/388","targetHints":{"allow":["GET"]}}],"collection":[{"href":"https:\/\/www.wilislovakia.sk\/en\/wp-json\/wp\/v2\/pages"}],"about":[{"href":"https:\/\/www.wilislovakia.sk\/en\/wp-json\/wp\/v2\/types\/page"}],"author":[{"embeddable":true,"href":"https:\/\/www.wilislovakia.sk\/en\/wp-json\/wp\/v2\/users\/12"}],"replies":[{"embeddable":true,"href":"https:\/\/www.wilislovakia.sk\/en\/wp-json\/wp\/v2\/comments?post=388"}],"version-history":[{"count":0,"href":"https:\/\/www.wilislovakia.sk\/en\/wp-json\/wp\/v2\/pages\/388\/revisions"}],"wp:attachment":[{"href":"https:\/\/www.wilislovakia.sk\/en\/wp-json\/wp\/v2\/media?parent=388"}],"curies":[{"name":"wp","href":"https:\/\/api.w.org\/{rel}","templated":true}]}}