{"id":392,"date":"2024-09-12T14:20:07","date_gmt":"2024-09-12T14:20:07","guid":{"rendered":"https:\/\/wili-traty-apartments.ms2.decms.eu\/?page_id=392"},"modified":"2024-10-08T10:01:15","modified_gmt":"2024-10-08T10:01:15","slug":"castles-and-chateaus","status":"publish","type":"page","link":"https:\/\/www.wilislovakia.sk\/en\/castles-and-chateaus\/","title":{"rendered":"Castles and Chateaus"},"content":{"rendered":"<p><strong>Not Just for Kids: Exploring Castles and Chateaus<\/strong><\/p>\n<p>You can visit the stunning castles and chateaus around our accommodations, whether you&#8217;re traveling with children or not.<\/p>\n<p>When staying at WILI TATRY apartments and with a car at your disposal, a trip to Spi\u0161 Castle is a must. It\u2019s located just 50 km away from Tatransk\u00e1 Lomnica via the highway.<\/p>\n<p>Also worth visiting are Ke\u017emarok Castle and \u013dubov\u0148a Castle, both accessible by car.<\/p>\n<p>From Liptovsk\u00e9 Rev\u00face, the closest option is \u013dup\u010diansky Castle, which towers over the town of Slovensk\u00e1 \u013dup\u010da, or you can explore Likava Castle.<\/p>\n","protected":false},"excerpt":{"rendered":"<p>Not Just for Kids: Exploring Castles and Chateaus You can visit the stunning castles and chateaus around our accommodations, whether you&#8217;re traveling with children or not. When staying at WILI TATRY apartments and with a car at your disposal, a trip to Spi\u0161 Castle is a must. It\u2019s located just 50 km away from Tatransk\u00e1 [&hellip;]<\/p>\n","protected":false},"author":12,"featured_media":0,"parent":0,"menu_order":1010,"comment_status":"closed","ping_status":"closed","template":"template-surroundings.php","meta":{"footnotes":""},"yoast_head":"<!-- This site is optimized with the Yoast SEO plugin v22.3 - https:\/\/yoast.com\/wordpress\/plugins\/seo\/ -->\n<title>Castles and Chateaus &#8211; Wili Slovakia<\/title>\n<meta name=\"description\" content=\"Not Just for Kids: Exploring Castles and Chateaus  You can visit the stunning castles and chateaus around our accommodations, whether you&#039;re traveling with children or not.  When staying at WILI TATRY apartments and with a car at your disposal, a trip to Spi\u0161 Castle is a must. It\u2019s located just 50 km away from Tatransk\u00e1 Lomnica via the highway.  Also worth visiting are Ke\u017emarok Castle and \u013dubov\u0148a Castle, both accessible by car.  From Liptovsk\u00e9 Rev\u00face, the closest option is \u013dup\u010diansky Castle, which towers over the town of Slovensk\u00e1 \u013dup\u010da, or you can explore Likava Castle.\" \/>\n<meta name=\"robots\" content=\"index, follow, max-snippet:-1, max-image-preview:large, max-video-preview:-1\" \/>\n<link rel=\"canonical\" href=\"https:\/\/www.wilislovakia.sk\/en\/castles-and-chateaus\/\" \/>\n<meta property=\"og:locale\" content=\"en_US\" \/>\n<meta property=\"og:type\" content=\"article\" \/>\n<meta property=\"og:title\" content=\"Castles and Chateaus &#8211; Wili Slovakia\" \/>\n<meta property=\"og:description\" content=\"Not Just for Kids: Exploring Castles and Chateaus  You can visit the stunning castles and chateaus around our accommodations, whether you&#039;re traveling with children or not.  When staying at WILI TATRY apartments and with a car at your disposal, a trip to Spi\u0161 Castle is a must. It\u2019s located just 50 km away from Tatransk\u00e1 Lomnica via the highway.  Also worth visiting are Ke\u017emarok Castle and \u013dubov\u0148a Castle, both accessible by car.  From Liptovsk\u00e9 Rev\u00face, the closest option is \u013dup\u010diansky Castle, which towers over the town of Slovensk\u00e1 \u013dup\u010da, or you can explore Likava Castle.\" \/>\n<meta property=\"og:url\" content=\"https:\/\/www.wilislovakia.sk\/en\/castles-and-chateaus\/\" \/>\n<meta property=\"og:site_name\" content=\"Wili Slovakia\" \/>\n<meta property=\"article:publisher\" content=\"https:\/\/www.facebook.com\/wilislovakia\" \/>\n<meta property=\"article:modified_time\" content=\"2024-10-08T10:01:15+00:00\" \/>\n<meta property=\"og:image\" content=\"https:\/\/www.wilislovakia.sk\/wp-content\/uploads\/sites\/157\/2024\/08\/Fotolia_69754459_Subscription_Monthly_M-copy.jpg\" \/>\n\t<meta property=\"og:image:width\" content=\"1800\" \/>\n\t<meta property=\"og:image:height\" content=\"1200\" \/>\n\t<meta property=\"og:image:type\" content=\"image\/jpeg\" \/>\n<meta name=\"twitter:card\" content=\"summary_large_image\" \/>\n<script type=\"application\/ld+json\" class=\"yoast-schema-graph\">{\"@context\":\"https:\/\/schema.org\",\"@graph\":[{\"@type\":\"WebPage\",\"@id\":\"https:\/\/www.wilislovakia.sk\/en\/castles-and-chateaus\/\",\"url\":\"https:\/\/www.wilislovakia.sk\/en\/castles-and-chateaus\/\",\"name\":\"Castles and Chateaus &#8211; Wili Slovakia\",\"isPartOf\":{\"@id\":\"https:\/\/www.wilislovakia.sk\/en\/#website\"},\"datePublished\":\"2024-09-12T14:20:07+00:00\",\"dateModified\":\"2024-10-08T10:01:15+00:00\",\"description\":\"Not Just for Kids: Exploring Castles and Chateaus You can visit the stunning castles and chateaus around our accommodations, whether you're traveling with children or not. When staying at WILI TATRY apartments and with a car at your disposal, a trip to Spi\u0161 Castle is a must. It\u2019s located just 50 km away from Tatransk\u00e1 Lomnica via the highway. Also worth visiting are Ke\u017emarok Castle and \u013dubov\u0148a Castle, both accessible by car. From Liptovsk\u00e9 Rev\u00face, the closest option is \u013dup\u010diansky Castle, which towers over the town of Slovensk\u00e1 \u013dup\u010da, or you can explore Likava Castle.\",\"breadcrumb\":{\"@id\":\"https:\/\/www.wilislovakia.sk\/en\/castles-and-chateaus\/#breadcrumb\"},\"inLanguage\":\"en-US\",\"potentialAction\":[{\"@type\":\"ReadAction\",\"target\":[\"https:\/\/www.wilislovakia.sk\/en\/castles-and-chateaus\/\"]}]},{\"@type\":\"BreadcrumbList\",\"@id\":\"https:\/\/www.wilislovakia.sk\/en\/castles-and-chateaus\/#breadcrumb\",\"itemListElement\":[{\"@type\":\"ListItem\",\"position\":1,\"name\":\"Home\",\"item\":\"https:\/\/www.wilislovakia.sk\/en\/wili-slovakia\/\"},{\"@type\":\"ListItem\",\"position\":2,\"name\":\"Castles and Chateaus\"}]},{\"@type\":\"WebSite\",\"@id\":\"https:\/\/www.wilislovakia.sk\/en\/#website\",\"url\":\"https:\/\/www.wilislovakia.sk\/en\/\",\"name\":\"Wili Slovakia\",\"description\":\"Pr\u00ed\u010fte ako hostia, od\u00ed\u010fte ako na\u0161i priatelia.\",\"publisher\":{\"@id\":\"https:\/\/www.wilislovakia.sk\/en\/#organization\"},\"alternateName\":\"Wili Slovakia\",\"potentialAction\":[{\"@type\":\"SearchAction\",\"target\":{\"@type\":\"EntryPoint\",\"urlTemplate\":\"https:\/\/www.wilislovakia.sk\/en\/?s={search_term_string}\"},\"query-input\":\"required name=search_term_string\"}],\"inLanguage\":\"en-US\"},{\"@type\":\"Organization\",\"@id\":\"https:\/\/www.wilislovakia.sk\/en\/#organization\",\"name\":\"Wili Slovakia\",\"alternateName\":\"Wili Holding\",\"url\":\"https:\/\/www.wilislovakia.sk\/en\/\",\"logo\":{\"@type\":\"ImageObject\",\"inLanguage\":\"en-US\",\"@id\":\"https:\/\/www.wilislovakia.sk\/en\/#\/schema\/logo\/image\/\",\"url\":\"https:\/\/www.wilislovakia.sk\/wp-content\/uploads\/sites\/157\/2024\/09\/Logo_Wili_Slovakia_Transparent3.png\",\"contentUrl\":\"https:\/\/www.wilislovakia.sk\/wp-content\/uploads\/sites\/157\/2024\/09\/Logo_Wili_Slovakia_Transparent3.png\",\"width\":200,\"height\":42,\"caption\":\"Wili Slovakia\"},\"image\":{\"@id\":\"https:\/\/www.wilislovakia.sk\/en\/#\/schema\/logo\/image\/\"},\"sameAs\":[\"https:\/\/www.facebook.com\/wilislovakia\",\"https:\/\/www.instagram.com\/wilislovakia_vacation_rentals\/\"]}]}<\/script>\n<!-- \/ Yoast SEO plugin. -->","yoast_head_json":{"title":"Castles and Chateaus &#8211; Wili Slovakia","description":"Not Just for Kids: Exploring Castles and Chateaus  You can visit the stunning castles and chateaus around our accommodations, whether you're traveling with children or not.  When staying at WILI TATRY apartments and with a car at your disposal, a trip to Spi\u0161 Castle is a must. It\u2019s located just 50 km away from Tatransk\u00e1 Lomnica via the highway.  Also worth visiting are Ke\u017emarok Castle and \u013dubov\u0148a Castle, both accessible by car.  From Liptovsk\u00e9 Rev\u00face, the closest option is \u013dup\u010diansky Castle, which towers over the town of Slovensk\u00e1 \u013dup\u010da, or you can explore Likava Castle.","robots":{"index":"index","follow":"follow","max-snippet":"max-snippet:-1","max-image-preview":"max-image-preview:large","max-video-preview":"max-video-preview:-1"},"canonical":"https:\/\/www.wilislovakia.sk\/en\/castles-and-chateaus\/","og_locale":"en_US","og_type":"article","og_title":"Castles and Chateaus &#8211; Wili Slovakia","og_description":"Not Just for Kids: Exploring Castles and Chateaus  You can visit the stunning castles and chateaus around our accommodations, whether you're traveling with children or not.  When staying at WILI TATRY apartments and with a car at your disposal, a trip to Spi\u0161 Castle is a must. It\u2019s located just 50 km away from Tatransk\u00e1 Lomnica via the highway.  Also worth visiting are Ke\u017emarok Castle and \u013dubov\u0148a Castle, both accessible by car.  From Liptovsk\u00e9 Rev\u00face, the closest option is \u013dup\u010diansky Castle, which towers over the town of Slovensk\u00e1 \u013dup\u010da, or you can explore Likava Castle.","og_url":"https:\/\/www.wilislovakia.sk\/en\/castles-and-chateaus\/","og_site_name":"Wili Slovakia","article_publisher":"https:\/\/www.facebook.com\/wilislovakia","article_modified_time":"2024-10-08T10:01:15+00:00","og_image":[{"width":1800,"height":1200,"url":"https:\/\/www.wilislovakia.sk\/wp-content\/uploads\/sites\/157\/2024\/08\/Fotolia_69754459_Subscription_Monthly_M-copy.jpg","type":"image\/jpeg"}],"twitter_card":"summary_large_image","schema":{"@context":"https:\/\/schema.org","@graph":[{"@type":"WebPage","@id":"https:\/\/www.wilislovakia.sk\/en\/castles-and-chateaus\/","url":"https:\/\/www.wilislovakia.sk\/en\/castles-and-chateaus\/","name":"Castles and Chateaus &#8211; Wili Slovakia","isPartOf":{"@id":"https:\/\/www.wilislovakia.sk\/en\/#website"},"datePublished":"2024-09-12T14:20:07+00:00","dateModified":"2024-10-08T10:01:15+00:00","description":"Not Just for Kids: Exploring Castles and Chateaus You can visit the stunning castles and chateaus around our accommodations, whether you're traveling with children or not. When staying at WILI TATRY apartments and with a car at your disposal, a trip to Spi\u0161 Castle is a must. It\u2019s located just 50 km away from Tatransk\u00e1 Lomnica via the highway. Also worth visiting are Ke\u017emarok Castle and \u013dubov\u0148a Castle, both accessible by car. From Liptovsk\u00e9 Rev\u00face, the closest option is \u013dup\u010diansky Castle, which towers over the town of Slovensk\u00e1 \u013dup\u010da, or you can explore Likava Castle.","breadcrumb":{"@id":"https:\/\/www.wilislovakia.sk\/en\/castles-and-chateaus\/#breadcrumb"},"inLanguage":"en-US","potentialAction":[{"@type":"ReadAction","target":["https:\/\/www.wilislovakia.sk\/en\/castles-and-chateaus\/"]}]},{"@type":"BreadcrumbList","@id":"https:\/\/www.wilislovakia.sk\/en\/castles-and-chateaus\/#breadcrumb","itemListElement":[{"@type":"ListItem","position":1,"name":"Home","item":"https:\/\/www.wilislovakia.sk\/en\/wili-slovakia\/"},{"@type":"ListItem","position":2,"name":"Castles and Chateaus"}]},{"@type":"WebSite","@id":"https:\/\/www.wilislovakia.sk\/en\/#website","url":"https:\/\/www.wilislovakia.sk\/en\/","name":"Wili Slovakia","description":"Pr\u00ed\u010fte ako hostia, od\u00ed\u010fte ako na\u0161i priatelia.","publisher":{"@id":"https:\/\/www.wilislovakia.sk\/en\/#organization"},"alternateName":"Wili Slovakia","potentialAction":[{"@type":"SearchAction","target":{"@type":"EntryPoint","urlTemplate":"https:\/\/www.wilislovakia.sk\/en\/?s={search_term_string}"},"query-input":"required name=search_term_string"}],"inLanguage":"en-US"},{"@type":"Organization","@id":"https:\/\/www.wilislovakia.sk\/en\/#organization","name":"Wili Slovakia","alternateName":"Wili Holding","url":"https:\/\/www.wilislovakia.sk\/en\/","logo":{"@type":"ImageObject","inLanguage":"en-US","@id":"https:\/\/www.wilislovakia.sk\/en\/#\/schema\/logo\/image\/","url":"https:\/\/www.wilislovakia.sk\/wp-content\/uploads\/sites\/157\/2024\/09\/Logo_Wili_Slovakia_Transparent3.png","contentUrl":"https:\/\/www.wilislovakia.sk\/wp-content\/uploads\/sites\/157\/2024\/09\/Logo_Wili_Slovakia_Transparent3.png","width":200,"height":42,"caption":"Wili Slovakia"},"image":{"@id":"https:\/\/www.wilislovakia.sk\/en\/#\/schema\/logo\/image\/"},"sameAs":["https:\/\/www.facebook.com\/wilislovakia","https:\/\/www.instagram.com\/wilislovakia_vacation_rentals\/"]}]}},"acf":[],"_links":{"self":[{"href":"https:\/\/www.wilislovakia.sk\/en\/wp-json\/wp\/v2\/pages\/392"}],"collection":[{"href":"https:\/\/www.wilislovakia.sk\/en\/wp-json\/wp\/v2\/pages"}],"about":[{"href":"https:\/\/www.wilislovakia.sk\/en\/wp-json\/wp\/v2\/types\/page"}],"author":[{"embeddable":true,"href":"https:\/\/www.wilislovakia.sk\/en\/wp-json\/wp\/v2\/users\/12"}],"replies":[{"embeddable":true,"href":"https:\/\/www.wilislovakia.sk\/en\/wp-json\/wp\/v2\/comments?post=392"}],"version-history":[{"count":0,"href":"https:\/\/www.wilislovakia.sk\/en\/wp-json\/wp\/v2\/pages\/392\/revisions"}],"wp:attachment":[{"href":"https:\/\/www.wilislovakia.sk\/en\/wp-json\/wp\/v2\/media?parent=392"}],"curies":[{"name":"wp","href":"https:\/\/api.w.org\/{rel}","templated":true}]}}