{"id":397,"date":"2024-07-08T15:39:55","date_gmt":"2024-07-08T15:39:55","guid":{"rendered":"https:\/\/wili-traty-apartments.ms2.decms.eu\/?page_id=397"},"modified":"2024-10-08T12:04:48","modified_gmt":"2024-10-08T12:04:48","slug":"wili-slovakia","status":"publish","type":"page","link":"https:\/\/www.wilislovakia.sk\/en\/","title":{"rendered":"Wili Slovakia"},"content":{"rendered":"<p><strong>WILI SLOVAKIA s.r.o.<\/strong> was established in 2018 through the transfer of tourism activities from <strong>WILI HOLDING<\/strong>.<\/p>\n<p>Its portfolio includes apartments in <strong>Tatransk\u00e1 Lomnica<\/strong> and chalets in <strong>Liptovsk\u00e9 Rev\u00face<\/strong>.<\/p>\n<p>The company also manages the rental of office spaces in the <strong>WILI HOLDING<\/strong> building in <strong>P\u00fachov<\/strong>, where its headquarters is currently located.<\/p>\n","protected":false},"excerpt":{"rendered":"<p>WILI SLOVAKIA s.r.o. was established in 2018 through the transfer of tourism activities from WILI HOLDING. Its portfolio includes apartments in Tatransk\u00e1 Lomnica and chalets in Liptovsk\u00e9 Rev\u00face. The company also manages the rental of office spaces in the WILI HOLDING building in P\u00fachov, where its headquarters is currently located.<\/p>\n","protected":false},"author":12,"featured_media":0,"parent":0,"menu_order":0,"comment_status":"closed","ping_status":"closed","template":"","meta":{"footnotes":""},"yoast_head":"<!-- This site is optimized with the Yoast SEO plugin v22.3 - https:\/\/yoast.com\/wordpress\/plugins\/seo\/ -->\n<title>Wili Slovakia &#8211; Wili Slovakia<\/title>\n<meta name=\"description\" content=\"WILI SLOVAKIA s.r.o. was established in 2018 through the transfer of tourism activities from WILI HOLDING.  Its portfolio includes apartments in Tatransk\u00e1 Lomnica and chalets in Liptovsk\u00e9 Rev\u00face.  The company also manages the rental of office spaces in the WILI HOLDING building in P\u00fachov, where its headquarters is currently located..\" \/>\n<meta name=\"robots\" content=\"index, follow, max-snippet:-1, max-image-preview:large, max-video-preview:-1\" \/>\n<link rel=\"canonical\" href=\"https:\/\/www.wilislovakia.sk\/en\/\" \/>\n<meta property=\"og:locale\" content=\"en_US\" \/>\n<meta property=\"og:type\" content=\"article\" \/>\n<meta property=\"og:title\" content=\"Wili Slovakia &#8211; Wili Slovakia\" \/>\n<meta property=\"og:description\" content=\"WILI SLOVAKIA s.r.o. was established in 2018 through the transfer of tourism activities from WILI HOLDING.  Its portfolio includes apartments in Tatransk\u00e1 Lomnica and chalets in Liptovsk\u00e9 Rev\u00face.  The company also manages the rental of office spaces in the WILI HOLDING building in P\u00fachov, where its headquarters is currently located..\" \/>\n<meta property=\"og:url\" content=\"https:\/\/www.wilislovakia.sk\/en\/\" \/>\n<meta property=\"og:site_name\" content=\"Wili Slovakia\" \/>\n<meta property=\"article:publisher\" content=\"https:\/\/www.facebook.com\/wilislovakia\" \/>\n<meta property=\"article:modified_time\" content=\"2024-10-08T12:04:48+00:00\" \/>\n<meta property=\"og:image\" content=\"https:\/\/www.wilislovakia.sk\/wp-content\/uploads\/sites\/157\/2024\/08\/Fotolia_69754459_Subscription_Monthly_M-copy.jpg\" \/>\n\t<meta property=\"og:image:width\" content=\"1800\" \/>\n\t<meta property=\"og:image:height\" content=\"1200\" \/>\n\t<meta property=\"og:image:type\" content=\"image\/jpeg\" \/>\n<meta name=\"twitter:card\" content=\"summary_large_image\" \/>\n<script type=\"application\/ld+json\" class=\"yoast-schema-graph\">{\"@context\":\"https:\/\/schema.org\",\"@graph\":[{\"@type\":\"WebPage\",\"@id\":\"https:\/\/www.wilislovakia.sk\/en\/\",\"url\":\"https:\/\/www.wilislovakia.sk\/en\/\",\"name\":\"Wili Slovakia &#8211; Wili Slovakia\",\"isPartOf\":{\"@id\":\"https:\/\/www.wilislovakia.sk\/en\/#website\"},\"datePublished\":\"2024-07-08T15:39:55+00:00\",\"dateModified\":\"2024-10-08T12:04:48+00:00\",\"description\":\"WILI SLOVAKIA s.r.o. was established in 2018 through the transfer of tourism activities from WILI HOLDING. Its portfolio includes apartments in Tatransk\u00e1 Lomnica and chalets in Liptovsk\u00e9 Rev\u00face. The company also manages the rental of office spaces in the WILI HOLDING building in P\u00fachov, where its headquarters is currently located..\",\"breadcrumb\":{\"@id\":\"https:\/\/www.wilislovakia.sk\/en\/#breadcrumb\"},\"inLanguage\":\"en-US\",\"potentialAction\":[{\"@type\":\"ReadAction\",\"target\":[\"https:\/\/www.wilislovakia.sk\/en\/\"]}]},{\"@type\":\"BreadcrumbList\",\"@id\":\"https:\/\/www.wilislovakia.sk\/en\/#breadcrumb\",\"itemListElement\":[{\"@type\":\"ListItem\",\"position\":1,\"name\":\"Home\",\"item\":\"https:\/\/www.wilislovakia.sk\/en\/wili-slovakia\/\"},{\"@type\":\"ListItem\",\"position\":2,\"name\":\"Wili Slovakia\"}]},{\"@type\":\"WebSite\",\"@id\":\"https:\/\/www.wilislovakia.sk\/en\/#website\",\"url\":\"https:\/\/www.wilislovakia.sk\/en\/\",\"name\":\"Wili Slovakia\",\"description\":\"Pr\u00ed\u010fte ako hostia, od\u00ed\u010fte ako na\u0161i priatelia.\",\"publisher\":{\"@id\":\"https:\/\/www.wilislovakia.sk\/en\/#organization\"},\"alternateName\":\"Wili Slovakia\",\"potentialAction\":[{\"@type\":\"SearchAction\",\"target\":{\"@type\":\"EntryPoint\",\"urlTemplate\":\"https:\/\/www.wilislovakia.sk\/en\/?s={search_term_string}\"},\"query-input\":\"required name=search_term_string\"}],\"inLanguage\":\"en-US\"},{\"@type\":\"Organization\",\"@id\":\"https:\/\/www.wilislovakia.sk\/en\/#organization\",\"name\":\"Wili Slovakia\",\"alternateName\":\"Wili Holding\",\"url\":\"https:\/\/www.wilislovakia.sk\/en\/\",\"logo\":{\"@type\":\"ImageObject\",\"inLanguage\":\"en-US\",\"@id\":\"https:\/\/www.wilislovakia.sk\/en\/#\/schema\/logo\/image\/\",\"url\":\"https:\/\/www.wilislovakia.sk\/wp-content\/uploads\/sites\/157\/2024\/09\/Logo_Wili_Slovakia_Transparent3.png\",\"contentUrl\":\"https:\/\/www.wilislovakia.sk\/wp-content\/uploads\/sites\/157\/2024\/09\/Logo_Wili_Slovakia_Transparent3.png\",\"width\":200,\"height\":42,\"caption\":\"Wili Slovakia\"},\"image\":{\"@id\":\"https:\/\/www.wilislovakia.sk\/en\/#\/schema\/logo\/image\/\"},\"sameAs\":[\"https:\/\/www.facebook.com\/wilislovakia\",\"https:\/\/www.instagram.com\/wilislovakia_vacation_rentals\/\"]}]}<\/script>\n<!-- \/ Yoast SEO plugin. -->","yoast_head_json":{"title":"Wili Slovakia &#8211; Wili Slovakia","description":"WILI SLOVAKIA s.r.o. was established in 2018 through the transfer of tourism activities from WILI HOLDING.  Its portfolio includes apartments in Tatransk\u00e1 Lomnica and chalets in Liptovsk\u00e9 Rev\u00face.  The company also manages the rental of office spaces in the WILI HOLDING building in P\u00fachov, where its headquarters is currently located..","robots":{"index":"index","follow":"follow","max-snippet":"max-snippet:-1","max-image-preview":"max-image-preview:large","max-video-preview":"max-video-preview:-1"},"canonical":"https:\/\/www.wilislovakia.sk\/en\/","og_locale":"en_US","og_type":"article","og_title":"Wili Slovakia &#8211; Wili Slovakia","og_description":"WILI SLOVAKIA s.r.o. was established in 2018 through the transfer of tourism activities from WILI HOLDING.  Its portfolio includes apartments in Tatransk\u00e1 Lomnica and chalets in Liptovsk\u00e9 Rev\u00face.  The company also manages the rental of office spaces in the WILI HOLDING building in P\u00fachov, where its headquarters is currently located..","og_url":"https:\/\/www.wilislovakia.sk\/en\/","og_site_name":"Wili Slovakia","article_publisher":"https:\/\/www.facebook.com\/wilislovakia","article_modified_time":"2024-10-08T12:04:48+00:00","og_image":[{"width":1800,"height":1200,"url":"https:\/\/www.wilislovakia.sk\/wp-content\/uploads\/sites\/157\/2024\/08\/Fotolia_69754459_Subscription_Monthly_M-copy.jpg","type":"image\/jpeg"}],"twitter_card":"summary_large_image","schema":{"@context":"https:\/\/schema.org","@graph":[{"@type":"WebPage","@id":"https:\/\/www.wilislovakia.sk\/en\/","url":"https:\/\/www.wilislovakia.sk\/en\/","name":"Wili Slovakia &#8211; Wili Slovakia","isPartOf":{"@id":"https:\/\/www.wilislovakia.sk\/en\/#website"},"datePublished":"2024-07-08T15:39:55+00:00","dateModified":"2024-10-08T12:04:48+00:00","description":"WILI SLOVAKIA s.r.o. was established in 2018 through the transfer of tourism activities from WILI HOLDING. Its portfolio includes apartments in Tatransk\u00e1 Lomnica and chalets in Liptovsk\u00e9 Rev\u00face. The company also manages the rental of office spaces in the WILI HOLDING building in P\u00fachov, where its headquarters is currently located..","breadcrumb":{"@id":"https:\/\/www.wilislovakia.sk\/en\/#breadcrumb"},"inLanguage":"en-US","potentialAction":[{"@type":"ReadAction","target":["https:\/\/www.wilislovakia.sk\/en\/"]}]},{"@type":"BreadcrumbList","@id":"https:\/\/www.wilislovakia.sk\/en\/#breadcrumb","itemListElement":[{"@type":"ListItem","position":1,"name":"Home","item":"https:\/\/www.wilislovakia.sk\/en\/wili-slovakia\/"},{"@type":"ListItem","position":2,"name":"Wili Slovakia"}]},{"@type":"WebSite","@id":"https:\/\/www.wilislovakia.sk\/en\/#website","url":"https:\/\/www.wilislovakia.sk\/en\/","name":"Wili Slovakia","description":"Pr\u00ed\u010fte ako hostia, od\u00ed\u010fte ako na\u0161i priatelia.","publisher":{"@id":"https:\/\/www.wilislovakia.sk\/en\/#organization"},"alternateName":"Wili Slovakia","potentialAction":[{"@type":"SearchAction","target":{"@type":"EntryPoint","urlTemplate":"https:\/\/www.wilislovakia.sk\/en\/?s={search_term_string}"},"query-input":"required name=search_term_string"}],"inLanguage":"en-US"},{"@type":"Organization","@id":"https:\/\/www.wilislovakia.sk\/en\/#organization","name":"Wili Slovakia","alternateName":"Wili Holding","url":"https:\/\/www.wilislovakia.sk\/en\/","logo":{"@type":"ImageObject","inLanguage":"en-US","@id":"https:\/\/www.wilislovakia.sk\/en\/#\/schema\/logo\/image\/","url":"https:\/\/www.wilislovakia.sk\/wp-content\/uploads\/sites\/157\/2024\/09\/Logo_Wili_Slovakia_Transparent3.png","contentUrl":"https:\/\/www.wilislovakia.sk\/wp-content\/uploads\/sites\/157\/2024\/09\/Logo_Wili_Slovakia_Transparent3.png","width":200,"height":42,"caption":"Wili Slovakia"},"image":{"@id":"https:\/\/www.wilislovakia.sk\/en\/#\/schema\/logo\/image\/"},"sameAs":["https:\/\/www.facebook.com\/wilislovakia","https:\/\/www.instagram.com\/wilislovakia_vacation_rentals\/"]}]}},"acf":[],"_links":{"self":[{"href":"https:\/\/www.wilislovakia.sk\/en\/wp-json\/wp\/v2\/pages\/397"}],"collection":[{"href":"https:\/\/www.wilislovakia.sk\/en\/wp-json\/wp\/v2\/pages"}],"about":[{"href":"https:\/\/www.wilislovakia.sk\/en\/wp-json\/wp\/v2\/types\/page"}],"author":[{"embeddable":true,"href":"https:\/\/www.wilislovakia.sk\/en\/wp-json\/wp\/v2\/users\/12"}],"replies":[{"embeddable":true,"href":"https:\/\/www.wilislovakia.sk\/en\/wp-json\/wp\/v2\/comments?post=397"}],"version-history":[{"count":0,"href":"https:\/\/www.wilislovakia.sk\/en\/wp-json\/wp\/v2\/pages\/397\/revisions"}],"wp:attachment":[{"href":"https:\/\/www.wilislovakia.sk\/en\/wp-json\/wp\/v2\/media?parent=397"}],"curies":[{"name":"wp","href":"https:\/\/api.w.org\/{rel}","templated":true}]}}