{"id":85,"date":"2024-07-10T16:08:23","date_gmt":"2024-07-10T16:08:23","guid":{"rendered":"https:\/\/wili-traty-apartments.ms2.decms.eu\/wili-tatry-apartments\/apartments\/apartman-s-vyhladom-do-parku\/"},"modified":"2025-09-19T07:29:35","modified_gmt":"2025-09-19T07:29:35","slug":"park-view-apartment","status":"publish","type":"page","link":"https:\/\/www.wilislovakia.sk\/en\/wili-tatry-apartments\/apartments\/park-view-apartment\/","title":{"rendered":"Park View Apartment"},"content":{"rendered":"<p>Apartment is located on the 4th floor and is suitable for 8 guests. You can use two bedrooms, two bathrooms, 2x TV (living room + bedroom upstairs), large living room with a fully equipped kitchen corner, included the coffee maker.<\/p>\n<p><span class=\"s1\">The surface area of the apartment is <strong>118 m\u00b2<\/strong>\u00a0with two balconies and one winter garden. <\/span><\/p>\n<p><span class=\"s1\">The parking space is included in the price. <\/span><\/p>\n<p><span class=\"s1\">The apartment is NON-SMOKING.<\/span><\/p>\n","protected":false},"excerpt":{"rendered":"<p>Apartment is located on the 4th floor and is suitable for 8 guests. You can use two bedrooms, two bathrooms, 2x TV (living room + bedroom upstairs), large living room with a fully equipped kitchen corner, included the coffee maker. The surface area of the apartment is 118 m\u00b2\u00a0with two balconies and one winter garden. [&hellip;]<\/p>\n","protected":false},"author":12,"featured_media":0,"parent":74,"menu_order":9,"comment_status":"closed","ping_status":"closed","template":"template-single-room.php","meta":{"footnotes":""},"yoast_head":"<!-- This site is optimized with the Yoast SEO plugin v22.3 - https:\/\/yoast.com\/wordpress\/plugins\/seo\/ -->\n<title>Park View Apartment &#8211; Wili Slovakia<\/title>\n<meta name=\"description\" content=\"Apartment is located on the 4th floor and is suitable for 8 guests. You can use two bedrooms, two bathrooms, 2x TV (living room + bedroom upstairs), large living room with a fully equipped kitchen corner, included the coffee maker.  The surface area of the apartment is 118 m\u00b2\u00a0with two balconies and one winter garden\" \/>\n<meta name=\"robots\" content=\"index, follow, max-snippet:-1, max-image-preview:large, max-video-preview:-1\" \/>\n<link rel=\"canonical\" href=\"https:\/\/www.wilislovakia.sk\/en\/wili-tatry-apartments\/apartments\/park-view-apartment\/\" \/>\n<meta property=\"og:locale\" content=\"en_US\" \/>\n<meta property=\"og:type\" content=\"article\" \/>\n<meta property=\"og:title\" content=\"Park View Apartment &#8211; Wili Slovakia\" \/>\n<meta property=\"og:description\" content=\"Apartment is located on the 4th floor and is suitable for 8 guests. You can use two bedrooms, two bathrooms, 2x TV (living room + bedroom upstairs), large living room with a fully equipped kitchen corner, included the coffee maker.  The surface area of the apartment is 118 m\u00b2\u00a0with two balconies and one winter garden\" \/>\n<meta property=\"og:url\" content=\"https:\/\/www.wilislovakia.sk\/en\/wili-tatry-apartments\/apartments\/park-view-apartment\/\" \/>\n<meta property=\"og:site_name\" content=\"Wili Slovakia\" \/>\n<meta property=\"article:publisher\" content=\"https:\/\/www.facebook.com\/wilislovakia\" \/>\n<meta property=\"article:modified_time\" content=\"2025-09-19T07:29:35+00:00\" \/>\n<meta property=\"og:image\" content=\"https:\/\/www.wilislovakia.sk\/wp-content\/uploads\/sites\/157\/2024\/08\/Fotolia_69754459_Subscription_Monthly_M-copy.jpg\" \/>\n\t<meta property=\"og:image:width\" content=\"1800\" \/>\n\t<meta property=\"og:image:height\" content=\"1200\" \/>\n\t<meta property=\"og:image:type\" content=\"image\/jpeg\" \/>\n<meta name=\"twitter:card\" content=\"summary_large_image\" \/>\n<script type=\"application\/ld+json\" class=\"yoast-schema-graph\">{\"@context\":\"https:\/\/schema.org\",\"@graph\":[{\"@type\":\"WebPage\",\"@id\":\"https:\/\/www.wilislovakia.sk\/en\/wili-tatry-apartments\/apartments\/park-view-apartment\/\",\"url\":\"https:\/\/www.wilislovakia.sk\/en\/wili-tatry-apartments\/apartments\/park-view-apartment\/\",\"name\":\"Park View Apartment &#8211; Wili Slovakia\",\"isPartOf\":{\"@id\":\"https:\/\/www.wilislovakia.sk\/en\/#website\"},\"datePublished\":\"2024-07-10T16:08:23+00:00\",\"dateModified\":\"2025-09-19T07:29:35+00:00\",\"description\":\"Apartment is located on the 4th floor and is suitable for 8 guests. You can use two bedrooms, two bathrooms, 2x TV (living room + bedroom upstairs), large living room with a fully equipped kitchen corner, included the coffee maker. The surface area of the apartment is 118 m\u00b2\u00a0with two balconies and one winter garden\",\"breadcrumb\":{\"@id\":\"https:\/\/www.wilislovakia.sk\/en\/wili-tatry-apartments\/apartments\/park-view-apartment\/#breadcrumb\"},\"inLanguage\":\"en-US\",\"potentialAction\":[{\"@type\":\"ReadAction\",\"target\":[\"https:\/\/www.wilislovakia.sk\/en\/wili-tatry-apartments\/apartments\/park-view-apartment\/\"]}]},{\"@type\":\"BreadcrumbList\",\"@id\":\"https:\/\/www.wilislovakia.sk\/en\/wili-tatry-apartments\/apartments\/park-view-apartment\/#breadcrumb\",\"itemListElement\":[{\"@type\":\"ListItem\",\"position\":1,\"name\":\"Home\",\"item\":\"https:\/\/www.wilislovakia.sk\/en\/wili-slovakia\/\"},{\"@type\":\"ListItem\",\"position\":2,\"name\":\"Wili Tatry Apartments\",\"item\":\"https:\/\/www.wilislovakia.sk\/en\/wili-tatry-apartments\/\"},{\"@type\":\"ListItem\",\"position\":3,\"name\":\"Apartments\",\"item\":\"https:\/\/www.wilislovakia.sk\/en\/wili-tatry-apartments\/apartments\/\"},{\"@type\":\"ListItem\",\"position\":4,\"name\":\"Park View Apartment\"}]},{\"@type\":\"WebSite\",\"@id\":\"https:\/\/www.wilislovakia.sk\/en\/#website\",\"url\":\"https:\/\/www.wilislovakia.sk\/en\/\",\"name\":\"Wili Slovakia\",\"description\":\"Pr\u00ed\u010fte ako hostia, od\u00ed\u010fte ako na\u0161i priatelia.\",\"publisher\":{\"@id\":\"https:\/\/www.wilislovakia.sk\/en\/#organization\"},\"alternateName\":\"Wili Slovakia\",\"potentialAction\":[{\"@type\":\"SearchAction\",\"target\":{\"@type\":\"EntryPoint\",\"urlTemplate\":\"https:\/\/www.wilislovakia.sk\/en\/?s={search_term_string}\"},\"query-input\":\"required name=search_term_string\"}],\"inLanguage\":\"en-US\"},{\"@type\":\"Organization\",\"@id\":\"https:\/\/www.wilislovakia.sk\/en\/#organization\",\"name\":\"Wili Slovakia\",\"alternateName\":\"Wili Holding\",\"url\":\"https:\/\/www.wilislovakia.sk\/en\/\",\"logo\":{\"@type\":\"ImageObject\",\"inLanguage\":\"en-US\",\"@id\":\"https:\/\/www.wilislovakia.sk\/en\/#\/schema\/logo\/image\/\",\"url\":\"https:\/\/www.wilislovakia.sk\/wp-content\/uploads\/sites\/157\/2024\/09\/Logo_Wili_Slovakia_Transparent3.png\",\"contentUrl\":\"https:\/\/www.wilislovakia.sk\/wp-content\/uploads\/sites\/157\/2024\/09\/Logo_Wili_Slovakia_Transparent3.png\",\"width\":200,\"height\":42,\"caption\":\"Wili Slovakia\"},\"image\":{\"@id\":\"https:\/\/www.wilislovakia.sk\/en\/#\/schema\/logo\/image\/\"},\"sameAs\":[\"https:\/\/www.facebook.com\/wilislovakia\",\"https:\/\/www.instagram.com\/wilislovakia_vacation_rentals\/\"]}]}<\/script>\n<!-- \/ Yoast SEO plugin. -->","yoast_head_json":{"title":"Park View Apartment &#8211; Wili Slovakia","description":"Apartment is located on the 4th floor and is suitable for 8 guests. You can use two bedrooms, two bathrooms, 2x TV (living room + bedroom upstairs), large living room with a fully equipped kitchen corner, included the coffee maker.  The surface area of the apartment is 118 m\u00b2\u00a0with two balconies and one winter garden","robots":{"index":"index","follow":"follow","max-snippet":"max-snippet:-1","max-image-preview":"max-image-preview:large","max-video-preview":"max-video-preview:-1"},"canonical":"https:\/\/www.wilislovakia.sk\/en\/wili-tatry-apartments\/apartments\/park-view-apartment\/","og_locale":"en_US","og_type":"article","og_title":"Park View Apartment &#8211; Wili Slovakia","og_description":"Apartment is located on the 4th floor and is suitable for 8 guests. You can use two bedrooms, two bathrooms, 2x TV (living room + bedroom upstairs), large living room with a fully equipped kitchen corner, included the coffee maker.  The surface area of the apartment is 118 m\u00b2\u00a0with two balconies and one winter garden","og_url":"https:\/\/www.wilislovakia.sk\/en\/wili-tatry-apartments\/apartments\/park-view-apartment\/","og_site_name":"Wili Slovakia","article_publisher":"https:\/\/www.facebook.com\/wilislovakia","article_modified_time":"2025-09-19T07:29:35+00:00","og_image":[{"width":1800,"height":1200,"url":"https:\/\/www.wilislovakia.sk\/wp-content\/uploads\/sites\/157\/2024\/08\/Fotolia_69754459_Subscription_Monthly_M-copy.jpg","type":"image\/jpeg"}],"twitter_card":"summary_large_image","schema":{"@context":"https:\/\/schema.org","@graph":[{"@type":"WebPage","@id":"https:\/\/www.wilislovakia.sk\/en\/wili-tatry-apartments\/apartments\/park-view-apartment\/","url":"https:\/\/www.wilislovakia.sk\/en\/wili-tatry-apartments\/apartments\/park-view-apartment\/","name":"Park View Apartment &#8211; Wili Slovakia","isPartOf":{"@id":"https:\/\/www.wilislovakia.sk\/en\/#website"},"datePublished":"2024-07-10T16:08:23+00:00","dateModified":"2025-09-19T07:29:35+00:00","description":"Apartment is located on the 4th floor and is suitable for 8 guests. You can use two bedrooms, two bathrooms, 2x TV (living room + bedroom upstairs), large living room with a fully equipped kitchen corner, included the coffee maker. The surface area of the apartment is 118 m\u00b2\u00a0with two balconies and one winter garden","breadcrumb":{"@id":"https:\/\/www.wilislovakia.sk\/en\/wili-tatry-apartments\/apartments\/park-view-apartment\/#breadcrumb"},"inLanguage":"en-US","potentialAction":[{"@type":"ReadAction","target":["https:\/\/www.wilislovakia.sk\/en\/wili-tatry-apartments\/apartments\/park-view-apartment\/"]}]},{"@type":"BreadcrumbList","@id":"https:\/\/www.wilislovakia.sk\/en\/wili-tatry-apartments\/apartments\/park-view-apartment\/#breadcrumb","itemListElement":[{"@type":"ListItem","position":1,"name":"Home","item":"https:\/\/www.wilislovakia.sk\/en\/wili-slovakia\/"},{"@type":"ListItem","position":2,"name":"Wili Tatry Apartments","item":"https:\/\/www.wilislovakia.sk\/en\/wili-tatry-apartments\/"},{"@type":"ListItem","position":3,"name":"Apartments","item":"https:\/\/www.wilislovakia.sk\/en\/wili-tatry-apartments\/apartments\/"},{"@type":"ListItem","position":4,"name":"Park View Apartment"}]},{"@type":"WebSite","@id":"https:\/\/www.wilislovakia.sk\/en\/#website","url":"https:\/\/www.wilislovakia.sk\/en\/","name":"Wili Slovakia","description":"Pr\u00ed\u010fte ako hostia, od\u00ed\u010fte ako na\u0161i priatelia.","publisher":{"@id":"https:\/\/www.wilislovakia.sk\/en\/#organization"},"alternateName":"Wili Slovakia","potentialAction":[{"@type":"SearchAction","target":{"@type":"EntryPoint","urlTemplate":"https:\/\/www.wilislovakia.sk\/en\/?s={search_term_string}"},"query-input":"required name=search_term_string"}],"inLanguage":"en-US"},{"@type":"Organization","@id":"https:\/\/www.wilislovakia.sk\/en\/#organization","name":"Wili Slovakia","alternateName":"Wili Holding","url":"https:\/\/www.wilislovakia.sk\/en\/","logo":{"@type":"ImageObject","inLanguage":"en-US","@id":"https:\/\/www.wilislovakia.sk\/en\/#\/schema\/logo\/image\/","url":"https:\/\/www.wilislovakia.sk\/wp-content\/uploads\/sites\/157\/2024\/09\/Logo_Wili_Slovakia_Transparent3.png","contentUrl":"https:\/\/www.wilislovakia.sk\/wp-content\/uploads\/sites\/157\/2024\/09\/Logo_Wili_Slovakia_Transparent3.png","width":200,"height":42,"caption":"Wili Slovakia"},"image":{"@id":"https:\/\/www.wilislovakia.sk\/en\/#\/schema\/logo\/image\/"},"sameAs":["https:\/\/www.facebook.com\/wilislovakia","https:\/\/www.instagram.com\/wilislovakia_vacation_rentals\/"]}]}},"acf":[],"_links":{"self":[{"href":"https:\/\/www.wilislovakia.sk\/en\/wp-json\/wp\/v2\/pages\/85"}],"collection":[{"href":"https:\/\/www.wilislovakia.sk\/en\/wp-json\/wp\/v2\/pages"}],"about":[{"href":"https:\/\/www.wilislovakia.sk\/en\/wp-json\/wp\/v2\/types\/page"}],"author":[{"embeddable":true,"href":"https:\/\/www.wilislovakia.sk\/en\/wp-json\/wp\/v2\/users\/12"}],"replies":[{"embeddable":true,"href":"https:\/\/www.wilislovakia.sk\/en\/wp-json\/wp\/v2\/comments?post=85"}],"version-history":[{"count":0,"href":"https:\/\/www.wilislovakia.sk\/en\/wp-json\/wp\/v2\/pages\/85\/revisions"}],"up":[{"embeddable":true,"href":"https:\/\/www.wilislovakia.sk\/en\/wp-json\/wp\/v2\/pages\/74"}],"wp:attachment":[{"href":"https:\/\/www.wilislovakia.sk\/en\/wp-json\/wp\/v2\/media?parent=85"}],"curies":[{"name":"wp","href":"https:\/\/api.w.org\/{rel}","templated":true}]}}